{"id":1546,"date":"2021-03-13T21:25:06","date_gmt":"2021-03-13T20:25:06","guid":{"rendered":"https:\/\/www.bauer-wein.com\/die-winzer\/"},"modified":"2022-03-21T15:50:01","modified_gmt":"2022-03-21T14:50:01","slug":"die-winzer","status":"publish","type":"page","link":"https:\/\/www.bauer-wein.com\/cs\/weingut\/die-winzer\/","title":{"rendered":"Vina\u0159i"},"content":{"rendered":"<div class=\"wpb-content-wrapper\"><p>[vc_row full_width=&#8220;stretch_row&#8220; mobile_bg_img_hidden=&#8220;no&#8220; tablet_bg_img_hidden=&#8220;no&#8220; woodmart_parallax=&#8220;0&#8243; woodmart_gradient_switch=&#8220;no&#8220; row_reverse_mobile=&#8220;0&#8243; row_reverse_tablet=&#8220;0&#8243; woodmart_disable_overflow=&#8220;0&#8243;][vc_column][vc_empty_space height=&#8220;30px&#8220; woodmart_hide_large=&#8220;0&#8243; woodmart_hide_medium=&#8220;0&#8243; woodmart_hide_small=&#8220;0&#8243; woodmart_hide_extra_small=&#8220;0&#8243;]\n\t\t<div id=\"wd-62388f9f29ac0\" class=\"title-wrapper wd-wpb wd-set-mb reset-last-child  wd-rs-62388f9f29ac0 wd-title-color-primary wd-title-style-simple text-center  wd-width-enabled wd-underline-colored\" style=\"--wd-max-width: 80%;\">\n\t\t\t\t\t\t\t\n\t\t\t\t<div class=\"title-subtitle  subtitle-color-primary font-default subtitle-style-default wd-font-weight-600 wd-fontsize-m\">SPECIALIST\u00c9 NA \u010cERVEN\u00c9 V\u00cdNO VE WEINVERTELU<\/div>\n\t\t\t\n\t\t\t<div class=\"liner-continer\">\n\t\t\t\t<h2 class=\"woodmart-title-container title  wd-font-weight- wd-fontsize-xxxl\" >Duch rodinn\u00e9ho podniku<\/h2>\n\t\t\t\t\t\t\t<\/div>\n\t\t\t\n\t\t\t\t\t\t\t<div class=\"title-after_title reset-last-child  wd-fontsize-s\">Dobr\u00e9 v\u011bci p\u0159ich\u00e1zej\u00ed po t\u0159ech: Norbert, Gisela a Willy jsou zodpov\u011bdn\u00ed za vinifikaci na\u0161ich v\u00edn. P\u0159itom jde ka\u017ed\u00fd svou cestou v harmonick\u00e9m souladu s duchem rodinn\u00e9ho podniku. Tato rozmanitost n\u00e1s jako vina\u0159stv\u00ed definuje.<\/div>\n\t\t\t\n\t\t\t\n\t\t<\/div>\n\t\t\n\t\t[vc_empty_space height=&#8220;40px&#8220; woodmart_hide_large=&#8220;0&#8243; woodmart_hide_medium=&#8220;0&#8243; woodmart_hide_small=&#8220;0&#8243; woodmart_hide_extra_small=&#8220;0&#8243;][\/vc_column][\/vc_row][vc_row full_width=&#8220;stretch_row&#8220; mobile_bg_img_hidden=&#8220;no&#8220; tablet_bg_img_hidden=&#8220;no&#8220; woodmart_parallax=&#8220;1&#8243; woodmart_gradient_switch=&#8220;no&#8220; row_reverse_mobile=&#8220;0&#8243; row_reverse_tablet=&#8220;0&#8243; woodmart_disable_overflow=&#8220;0&#8243; css=&#8220;.vc_custom_1615676231274{padding-top: 100px !important;padding-bottom: 100px !important;background-image: url(https:\/\/www.bauer-wein.com\/wp-content\/uploads\/winzer-bg.jpg?id=330) !important;background-position: center !important;background-repeat: no-repeat !important;background-size: cover !important;}&#8220;][vc_column width=&#8220;1\/6&#8243;][\/vc_column][vc_column width=&#8220;2\/3&#8243; mobile_bg_img_hidden=&#8220;no&#8220; tablet_bg_img_hidden=&#8220;no&#8220; woodmart_parallax=&#8220;0&#8243; woodmart_sticky_column=&#8220;false&#8220; parallax_scroll=&#8220;no&#8220; mobile_reset_margin=&#8220;no&#8220; tablet_reset_margin=&#8220;no&#8220; css=&#8220;.vc_custom_1615824704847{padding-right: 2vh !important;padding-left: 2vh !important;background-color: rgba(255,255,255,0.9) !important;*background-color: rgb(255,255,255) !important;}&#8220;][vc_empty_space height=&#8220;30px&#8220; woodmart_hide_large=&#8220;0&#8243; woodmart_hide_medium=&#8220;0&#8243; woodmart_hide_small=&#8220;0&#8243; woodmart_hide_extra_small=&#8220;0&#8243;][vc_column_text text_larger=&#8220;yes&#8220; css=&#8220;.vc_custom_1645463337628{padding-right: 2vh !important;padding-left: 2vh !important;}&#8220; woodmart_inline=&#8220;no&#8220;]Odborn\u00edk na \u010derven\u00e9 v\u00edno ve Weinviertelu m\u016f\u017ee pro n\u011bkoho zn\u00edt sp\u00ed\u0161e neobvykle. Ale pr\u00e1v\u011b j\u00edm je Norbert Bauer. Je pova\u017eov\u00e1n za specialistu na zvl\u00e1\u0161tn\u00ed \u010derven\u00e1 v\u00edna ve Weinviertelu. O tom sv\u011bd\u010d\u00ed tak\u00e9 \u0159ada n\u00e1rodn\u00edch a mezin\u00e1rodn\u00edch ocen\u011bn\u00ed. S modern\u00edm technick\u00fdm know-how v kombinaci s tradi\u010dn\u00edm \u0159emeslem a smyslem pro detail zpracov\u00e1v\u00e1 Norbert Bauer ve vinn\u00e9m skl\u00edpku hrozny ze Schatzbergu, Gerichtsbergu, Haidbergu, Diermannsee, Retzer Parapluibergu a Himmeltau.<\/p>\n<p>P\u0159itom je snaha, co nejm\u00e9n\u011b zat\u011b\u017eovat pa\u0159ezy vinn\u00e9 r\u00e9vy, mno\u017estv\u00ed pa\u0159ez\u016f av\u0161ak zv\u00fd\u0161it na hektar na p\u0159ibli\u017en\u011b kolem 4\u00a0000. R\u016fst vinn\u00e9 r\u00e9vy se udr\u017euje n\u00edzk\u00fd, aby bylo mo\u017en\u00e9 optim\u00e1ln\u011b vyu\u017e\u00edt tepla p\u016fdy.[\/vc_column_text][vc_empty_space height=&#8220;40px&#8220; woodmart_hide_large=&#8220;0&#8243; woodmart_hide_medium=&#8220;0&#8243; woodmart_hide_small=&#8220;0&#8243; woodmart_hide_extra_small=&#8220;0&#8243;][\/vc_column][vc_column width=&#8220;1\/6&#8243;][\/vc_column][\/vc_row][vc_row full_width=&#8220;stretch_row_content_no_spaces&#8220; content_placement=&#8220;middle&#8220; mobile_bg_img_hidden=&#8220;no&#8220; tablet_bg_img_hidden=&#8220;no&#8220; woodmart_parallax=&#8220;0&#8243; woodmart_gradient_switch=&#8220;yes&#8220; row_reverse_mobile=&#8220;0&#8243; row_reverse_tablet=&#8220;0&#8243; woodmart_disable_overflow=&#8220;1&#8243; woodmart_color_gradient=&#8220;rgb(182, 145, 69)-69\/rgb(255, 255, 255)-69\/|linear-gradient(left , rgb(182, 145, 69) 69% , rgb(255, 255, 255) 69%)|linear|left&#8220; el_class=&#8220;wb-team&#8220;][vc_column css=&#8220;.vc_custom_1615676766601{padding-top: 6vh !important;padding-right: 15% !important;padding-bottom: 10vh !important;padding-left: 15% !important;background-color: #b69145 !important;}&#8220; mobile_bg_img_hidden=&#8220;no&#8220; tablet_bg_img_hidden=&#8220;no&#8220; woodmart_parallax=&#8220;0&#8243; woodmart_sticky_column=&#8220;false&#8220; parallax_scroll=&#8220;no&#8220; mobile_reset_margin=&#8220;no&#8220; tablet_reset_margin=&#8220;no&#8220; offset=&#8220;vc_col-lg-6 vc_col-md-6&#8243;]\n\t\t<div id=\"wd-604d4663699a2\" class=\"title-wrapper wd-wpb wd-set-mb reset-last-child  wd-rs-604d4663699a2 wd-title-color-white wd-title-style-simple text-left  wd-underline-colored\">\n\t\t\t\n\t\t\t<div class=\"liner-continer\">\n\t\t\t\t<h3 class=\"woodmart-title-container title  wd-font-weight- wd-fontsize-xl\" >Norbert Bauer<\/h3>\n\t\t\t\t\t\t\t<\/div>\n\t\t\t\n\t\t\t\n\t\t\t\n\t\t<\/div>\n\t\t\n\t\t[vc_empty_space height=&#8220;20px&#8220; woodmart_hide_large=&#8220;0&#8243; woodmart_hide_medium=&#8220;0&#8243; woodmart_hide_small=&#8220;0&#8243; woodmart_hide_extra_small=&#8220;0&#8243; el_class=&#8220;tablet-space&#8220;][vc_column_text woodmart_color_scheme=&#8220;light&#8220; text_larger=&#8220;yes&#8220; woodmart_inline=&#8220;no&#8220;]Norbert Bauer je \u010dlov\u011bk, kter\u00e9ho si m\u016f\u017eeme p\u0159edstavit pod pojmem v\u00e1\u0161niv\u00fd rodinn\u00fd \u010dlov\u011bk. Spole\u010dn\u011b se svou \u017eenou a vina\u0159kou, Giselou Bauer a jejich p\u011bti d\u011btmi lze zde ve vina\u0159stv\u00ed c\u00edtit velmi zvl\u00e1\u0161tn\u00ed druh energie a vitality, je\u017e charakterizuje pr\u00e1ci a soun\u00e1le\u017eitost. Jeho srdce bije pro vinnou r\u00e9vu Blaufr\u00e4nkisch (Frankovka modr\u00e1) Gerichtsberg<em>. <\/em>[\/vc_column_text][\/vc_column][vc_column css=&#8220;.vc_custom_1593563052292{padding-top: 0px !important;}&#8220; mobile_bg_img_hidden=&#8220;no&#8220; tablet_bg_img_hidden=&#8220;no&#8220; woodmart_parallax=&#8220;0&#8243; woodmart_sticky_column=&#8220;false&#8220; parallax_scroll=&#8220;no&#8220; mobile_reset_margin=&#8220;no&#8220; tablet_reset_margin=&#8220;no&#8220; offset=&#8220;vc_col-lg-offset-0 vc_col-lg-6 vc_col-md-6&#8243; el_class=&#8220;pf-white-bg mobile-padding&#8220;][vc_empty_space height=&#8220;60px&#8220; woodmart_hide_large=&#8220;0&#8243; woodmart_hide_medium=&#8220;0&#8243; woodmart_hide_small=&#8220;0&#8243; woodmart_hide_extra_small=&#8220;0&#8243; el_class=&#8220;mobile-space&#8220;][vc_single_image image=&#8220;1427&#8243; img_size=&#8220;500&#215;700&#8243; parallax_scroll=&#8220;no&#8220; el_class=&#8220;as-content-img&#8220;][vc_empty_space height=&#8220;30px&#8220; woodmart_hide_large=&#8220;0&#8243; woodmart_hide_medium=&#8220;0&#8243; woodmart_hide_small=&#8220;0&#8243; woodmart_hide_extra_small=&#8220;0&#8243; el_class=&#8220;tablet-space&#8220;][\/vc_column][\/vc_row][vc_row full_width=&#8220;stretch_row_content_no_spaces&#8220; content_placement=&#8220;middle&#8220; mobile_bg_img_hidden=&#8220;no&#8220; tablet_bg_img_hidden=&#8220;no&#8220; woodmart_parallax=&#8220;0&#8243; woodmart_gradient_switch=&#8220;yes&#8220; row_reverse_mobile=&#8220;1&#8243; row_reverse_tablet=&#8220;1&#8243; woodmart_disable_overflow=&#8220;1&#8243; woodmart_color_gradient=&#8220;rgb(255, 255, 255)-32\/rgb(87, 29, 29)-32\/|linear-gradient(left , rgb(255, 255, 255) 32% , rgb(87, 29, 29) 32%)|linear|left&#8220; el_class=&#8220;wb-team2&#8243;][vc_column css=&#8220;.vc_custom_1593563052292{padding-top: 0px !important;}&#8220; mobile_bg_img_hidden=&#8220;no&#8220; tablet_bg_img_hidden=&#8220;no&#8220; woodmart_parallax=&#8220;0&#8243; woodmart_sticky_column=&#8220;false&#8220; parallax_scroll=&#8220;no&#8220; mobile_reset_margin=&#8220;no&#8220; tablet_reset_margin=&#8220;no&#8220; offset=&#8220;vc_col-lg-offset-0 vc_col-lg-6 vc_col-md-6&#8243; el_class=&#8220;pf-white-bg mobile-padding&#8220;][vc_empty_space height=&#8220;60px&#8220; woodmart_hide_large=&#8220;0&#8243; woodmart_hide_medium=&#8220;0&#8243; woodmart_hide_small=&#8220;0&#8243; woodmart_hide_extra_small=&#8220;0&#8243; el_class=&#8220;mobile-space&#8220;][vc_single_image image=&#8220;1428&#8243; img_size=&#8220;500&#215;700&#8243; alignment=&#8220;right&#8220; parallax_scroll=&#8220;no&#8220; el_class=&#8220;as-content-img&#8220;][vc_empty_space height=&#8220;30px&#8220; woodmart_hide_large=&#8220;0&#8243; woodmart_hide_medium=&#8220;0&#8243; woodmart_hide_small=&#8220;0&#8243; woodmart_hide_extra_small=&#8220;0&#8243; el_class=&#8220;tablet-space&#8220;][\/vc_column][vc_column css=&#8220;.vc_custom_1615823757013{padding-top: 6vh !important;padding-right: 15% !important;padding-bottom: 10vh !important;padding-left: 15% !important;background-color: #571d1d !important;}&#8220; mobile_bg_img_hidden=&#8220;no&#8220; tablet_bg_img_hidden=&#8220;no&#8220; woodmart_parallax=&#8220;0&#8243; woodmart_sticky_column=&#8220;false&#8220; parallax_scroll=&#8220;no&#8220; mobile_reset_margin=&#8220;no&#8220; tablet_reset_margin=&#8220;no&#8220; offset=&#8220;vc_col-lg-6 vc_col-md-6&#8243;]\n\t\t<div id=\"wd-604f8460d42ab\" class=\"title-wrapper wd-wpb wd-set-mb reset-last-child  wd-rs-604f8460d42ab wd-title-color-white wd-title-style-simple text-left  wd-underline-colored\">\n\t\t\t\n\t\t\t<div class=\"liner-continer\">\n\t\t\t\t<h3 class=\"woodmart-title-container title  wd-font-weight- wd-fontsize-xl\" >Gisela Bauer<\/h3>\n\t\t\t\t\t\t\t<\/div>\n\t\t\t\n\t\t\t\n\t\t\t\n\t\t<\/div>\n\t\t\n\t\t[vc_empty_space height=&#8220;20px&#8220; woodmart_hide_large=&#8220;0&#8243; woodmart_hide_medium=&#8220;0&#8243; woodmart_hide_small=&#8220;0&#8243; woodmart_hide_extra_small=&#8220;0&#8243; el_class=&#8220;tablet-space&#8220;][vc_column_text woodmart_color_scheme=&#8220;light&#8220; text_larger=&#8220;yes&#8220; woodmart_inline=&#8220;no&#8220;]<span style=\"color: #ffffff;\">Gisela Bauer je ve vina\u0159stv\u00ed zodpov\u011bdn\u00e1 jako vina\u0159ka za organizaci p\u0159i produkci v\u00edna. Velmi si cen\u00ed v\u00edn, kter\u00e1 maj\u00ed ovocnou p\u0159\u00edchu\u0165 a kter\u00e1 se hod\u00ed k archivaci. Ve v\u00fdb\u011bru v\u00edn \u201ena doma\u201c rad\u00ed Gisela v\u0161em sv\u00fdm z\u00e1kazn\u00edk\u016fm, kte\u0159\u00ed si p\u0159ijdou p\u0159\u00edmo do vina\u0159stv\u00ed v\u00edno nakoupit a samoz\u0159ejm\u011b tak\u00e9 sv\u00fdm host\u016fm ve vina\u0159sk\u00e9m penzionu. Po dlouh\u00e9m dni pije nejrad\u011bji skleni\u010dku Sankt Laurenta (Svatovav\u0159ineck\u00e9) nebo skleni\u010dku v\u00fdrazn\u00e9ho Veltl\u00edna zelen\u00e9ho.<\/span>[\/vc_column_text][\/vc_column][\/vc_row][vc_row full_width=&#8220;stretch_row_content_no_spaces&#8220; content_placement=&#8220;middle&#8220; mobile_bg_img_hidden=&#8220;no&#8220; tablet_bg_img_hidden=&#8220;no&#8220; woodmart_parallax=&#8220;0&#8243; woodmart_gradient_switch=&#8220;yes&#8220; row_reverse_mobile=&#8220;0&#8243; row_reverse_tablet=&#8220;0&#8243; woodmart_disable_overflow=&#8220;1&#8243; woodmart_color_gradient=&#8220;rgb(182, 145, 69)-69\/rgb(255, 255, 255)-69\/|linear-gradient(left , rgb(182, 145, 69) 69% , rgb(255, 255, 255) 69%)|linear|left&#8220; el_class=&#8220;wb-team&#8220;][vc_column css=&#8220;.vc_custom_1615676766601{padding-top: 6vh !important;padding-right: 15% !important;padding-bottom: 10vh !important;padding-left: 15% !important;background-color: #b69145 !important;}&#8220; mobile_bg_img_hidden=&#8220;no&#8220; tablet_bg_img_hidden=&#8220;no&#8220; woodmart_parallax=&#8220;0&#8243; woodmart_sticky_column=&#8220;false&#8220; parallax_scroll=&#8220;no&#8220; mobile_reset_margin=&#8220;no&#8220; tablet_reset_margin=&#8220;no&#8220; offset=&#8220;vc_col-lg-6 vc_col-md-6&#8243;]\n\t\t<div id=\"wd-604f852acd38e\" class=\"title-wrapper wd-wpb wd-set-mb reset-last-child  wd-rs-604f852acd38e wd-title-color-white wd-title-style-simple text-left  wd-underline-colored\">\n\t\t\t\n\t\t\t<div class=\"liner-continer\">\n\t\t\t\t<h3 class=\"woodmart-title-container title  wd-font-weight- wd-fontsize-xl\" >Willy Bauer<\/h3>\n\t\t\t\t\t\t\t<\/div>\n\t\t\t\n\t\t\t\n\t\t\t\n\t\t<\/div>\n\t\t\n\t\t[vc_empty_space height=&#8220;20px&#8220; woodmart_hide_large=&#8220;0&#8243; woodmart_hide_medium=&#8220;0&#8243; woodmart_hide_small=&#8220;0&#8243; woodmart_hide_extra_small=&#8220;0&#8243; el_class=&#8220;tablet-space&#8220;][vc_column_text woodmart_color_scheme=&#8220;light&#8220; text_larger=&#8220;yes&#8220; woodmart_inline=&#8220;no&#8220;]Dal\u0161\u00ed generace stoj\u00ed nejenom ve dve\u0159\u00edch, n\u00fdbr\u017e u\u017e ob\u011bma nohama ve skl\u00edpku. Willy s sebou p\u0159in\u00e1\u0161\u00ed sv\u00e9 nov\u011b nabyt\u00e9 v\u011bdomosti ze \u0161koly a r\u016fzn\u00fdch praktik jak v Rakousku, v N\u011bmecku, tak i v Kalifornii a v Austr\u00e1lii. Ty pak velmi \u0161ikovn\u011b uplat\u0148uje v provozu a t\u00edm dod\u00e1v\u00e1 ji\u017e po dobu n\u011bkolika \u00farod sv\u016fj vlastn\u00ed podpis<em>.<\/em> Zam\u011b\u0159uje se na v\u00edna s jasnou l\u00edni\u00ed a \u010dist\u00fdm ovocem. Dobr\u00fd potenci\u00e1l archivace u b\u00edl\u00fdch v\u00edn je pro n\u011bj stejn\u011b d\u016fle\u017eit\u00fd jako \u010derven\u00e1 v\u00edna, kter\u00e1 povzbuzuj\u00ed radost z pit\u00ed. Willy si r\u00e1d odpo\u010dine p\u0159i ve\u010de\u0159i s rodinou u skleni\u010dky Veltl\u00edna zelen\u00e9ho Reserve z Retzer Steinu.[\/vc_column_text][\/vc_column][vc_column css=&#8220;.vc_custom_1593563052292{padding-top: 0px !important;}&#8220; mobile_bg_img_hidden=&#8220;no&#8220; tablet_bg_img_hidden=&#8220;no&#8220; woodmart_parallax=&#8220;0&#8243; woodmart_sticky_column=&#8220;false&#8220; parallax_scroll=&#8220;no&#8220; mobile_reset_margin=&#8220;no&#8220; tablet_reset_margin=&#8220;no&#8220; offset=&#8220;vc_col-lg-offset-0 vc_col-lg-6 vc_col-md-6&#8243; el_class=&#8220;pf-white-bg mobile-padding&#8220;][vc_empty_space height=&#8220;60px&#8220; woodmart_hide_large=&#8220;0&#8243; woodmart_hide_medium=&#8220;0&#8243; woodmart_hide_small=&#8220;0&#8243; woodmart_hide_extra_small=&#8220;0&#8243; el_class=&#8220;mobile-space&#8220;][vc_single_image image=&#8220;1429&#8243; img_size=&#8220;500&#215;700&#8243; parallax_scroll=&#8220;no&#8220; el_class=&#8220;as-content-img&#8220;][vc_empty_space height=&#8220;30px&#8220; woodmart_hide_large=&#8220;0&#8243; woodmart_hide_medium=&#8220;0&#8243; woodmart_hide_small=&#8220;0&#8243; woodmart_hide_extra_small=&#8220;0&#8243; el_class=&#8220;tablet-space&#8220;][\/vc_column][\/vc_row][vc_row full_width=&#8220;stretch_row&#8220; mobile_bg_img_hidden=&#8220;no&#8220; tablet_bg_img_hidden=&#8220;no&#8220; woodmart_parallax=&#8220;0&#8243; woodmart_gradient_switch=&#8220;no&#8220; row_reverse_mobile=&#8220;0&#8243; row_reverse_tablet=&#8220;0&#8243; woodmart_disable_overflow=&#8220;0&#8243;][vc_column][vc_empty_space height=&#8220;80px&#8220; woodmart_hide_large=&#8220;0&#8243; woodmart_hide_medium=&#8220;0&#8243; woodmart_hide_small=&#8220;0&#8243; woodmart_hide_extra_small=&#8220;0&#8243;]\n\t\t<div id=\"wd-623890805caa8\" class=\"title-wrapper wd-wpb wd-set-mb reset-last-child  wd-rs-623890805caa8 wd-title-color-primary wd-title-style-simple text-center  wd-width-enabled wd-underline-colored\" style=\"--wd-max-width: 80%;\">\n\t\t\t\t\t\t\t\n\t\t\t\t<div class=\"title-subtitle  subtitle-color-primary font-default subtitle-style-default wd-font-weight-600 wd-fontsize-xs\">V\u0160ICHNI ZA JEDNOHO<\/div>\n\t\t\t\n\t\t\t<div class=\"liner-continer\">\n\t\t\t\t<h2 class=\"woodmart-title-container title  wd-font-weight- wd-fontsize-xxl\" >T\u00fdm<\/h2>\n\t\t\t\t\t\t\t<\/div>\n\t\t\t\n\t\t\t\t\t\t\t<div class=\"title-after_title reset-last-child  wd-fontsize-s\">Ji\u017e 30 let je v na\u0161em vina\u0159stv\u00ed lisov\u00e1no mnoho ocen\u011bn\u00fdch v\u00edn \u201ezna\u010dky Norbert Bauer\u201c.<br \/>\nZa t\u00edm stoj\u00ed spousta l\u00e1sky, anga\u017em\u00e1 a odborn\u00fdch znalost\u00ed - p\u0159in\u00e1\u0161ej\u00edc\u00ed \u0159adou pracovit\u00fdch rukou a mysl\u00ed: nejlep\u0161\u00ed t\u00fdm na sv\u011bt\u011b!<\/div>\n\t\t\t\n\t\t\t\n\t\t<\/div>\n\t\t\n\t\t[vc_empty_space height=&#8220;20px&#8220; woodmart_hide_large=&#8220;0&#8243; woodmart_hide_medium=&#8220;0&#8243; woodmart_hide_small=&#8220;0&#8243; woodmart_hide_extra_small=&#8220;0&#8243;][vc_single_image image=&#8220;1430&#8243; img_size=&#8220;1200&#215;740&#8243; alignment=&#8220;center&#8220; parallax_scroll=&#8220;no&#8220;][vc_empty_space height=&#8220;20px&#8220; woodmart_hide_large=&#8220;0&#8243; woodmart_hide_medium=&#8220;0&#8243; woodmart_hide_small=&#8220;0&#8243; woodmart_hide_extra_small=&#8220;0&#8243;][vc_column_text text_larger=&#8220;yes&#8220; woodmart_inline=&#8220;no&#8220;]P\u0159i sklizni roku 2008 z\u00edskal Norbert ve skl\u00edpku n\u00e1pomocnou podporu v panu Markusovi<em>.<\/em> Zat\u00edm se tu vedou \u017ehav\u00e9 diskuse ve t\u0159ech, se \u0161\u00e9fem seniorem a \u0161\u00e9fem juniorem. Uvid\u00edme, jestli se k nim je\u0161t\u011b n\u011bkdo p\u0159id\u00e1 &#8230;<\/p>\n<p>V panu <strong>Lukaszi<\/strong> z\u00edskalo na\u0161e vina\u0159stv\u00ed od roku 2004 nad\u0161ence na motory<em>.<\/em> On je ten, je\u017e zn\u00e1 v\u0161echna bol\u00edstka traktor\u016f a stroj\u016f a udr\u017euje v nejlep\u0161\u00ed kondici nejen n\u00e1\u0161 vozov\u00fd park.<\/p>\n<p>Pan\u00ed <strong>Hana<\/strong> se od roku 2006 star\u00e1 o t\u011blesn\u00e9 dobro cel\u00e9 na\u0161\u00ed rodiny a host\u016f, a my jsme se mezit\u00edm p\u0159esv\u011bd\u010dili<em>, <\/em>\u017ee typick\u00e1 \u010desk\u00e1 kucha\u0159ka nenech\u00e1 nic sp\u00e1lit<em>.<\/em> A\u0165 u\u017e je to sn\u00eddan\u011b pro hosty, n\u011bco na pos\u00edlen\u00ed\u00a0 p\u0159i sklizni hrozn\u016f nebo slavnostn\u00ed hostina na v\u00e1no\u010dn\u00ed oslavy \u2013 bez Hanin\u00fdch kulin\u00e1\u0159sk\u00fdch specialit by bylo v\u0161echno jen nap\u016fl chutn\u00e9<em>. <\/em><\/p>\n<p>U\u017e od roku 2003 je s n\u00e1mi v nasazen\u00ed pan <strong>Jarda<\/strong>, kter\u00fd je z\u00e1rove\u0148 na\u0161\u00edm nejd\u00e9le slou\u017e\u00edc\u00edm zam\u011bstnancem.<\/p>\n<p>P\u00e1nov\u00e9 <strong>Maciej, Josef, Lubos, Rene a Martin <\/strong>d\u011blaj\u00ed sv\u00e9 obch\u00e1zky vinicemi, a\u0165 u\u017e na traktoru<em>\u00a0 <\/em>nebo s n\u00e1\u0159ad\u00edm v ruce. To nemohou ovlivnit \u00a0ani ty nejprud\u0161\u00ed lij\u00e1ky<em>.<\/em><\/p>\n<p>O blaho na\u0161\u00ed vinn\u00e9 r\u00e9vy se staraj\u00ed d\u00e1my <strong>Jarmila, Marta, Ana a Sylva.\u00a0\u00a0\u00a0 <\/strong>S n\u016f\u017ekami v ruce proch\u00e1zej\u00ed vinice a ve\u0161ker\u00e9 v\u00e1z\u00e1n\u00ed a p\u00e9\u010di o zele\u0148 maj\u00ed naprosto pod kontrolou.<\/p>\n<p>Pan\u00ed <strong>Andrea <\/strong>se v kancel\u00e1\u0159i uchopila m\u00edsta hned vedle \u0161\u00e9fky. S radost\u00ed a velk\u00fdm nasazen\u00edm m\u00e1v\u00e1 telefonn\u00edm sluch\u00e1tkem a tak\u00e9 piln\u011b bu\u0161\u00ed do kl\u00e1vesnice, v\u017edy naslouchaj\u00edc v\u0161em p\u0159\u00e1n\u00edm a objedn\u00e1vk\u00e1m na\u0161ich z\u00e1kazn\u00edk\u016f.[\/vc_column_text][vc_empty_space height=&#8220;50px&#8220; woodmart_hide_large=&#8220;0&#8243; woodmart_hide_medium=&#8220;0&#8243; woodmart_hide_small=&#8220;0&#8243; woodmart_hide_extra_small=&#8220;0&#8243;][\/vc_column][\/vc_row][vc_row][vc_column][vc_raw_html]JTVCaHRtbF9ibG9jayUyMGlkJTNEJTIyNDkxJTIyJTVE[\/vc_raw_html][\/vc_column][\/vc_row]<\/p>\n<\/div>","protected":false},"excerpt":{"rendered":"<p>[vc_row full_width=&#8220;stretch_row&#8220; mobile_bg_img_hidden=&#8220;no&#8220; tablet_bg_img_hidden=&#8220;no&#8220; woodmart_parallax=&#8220;0&#8243; woodmart_gradient_switch=&#8220;no&#8220; row_reverse_mobile=&#8220;0&#8243; row_reverse_tablet=&#8220;0&#8243; woodmart_disable_overflow=&#8220;0&#8243;][vc_column][vc_empty_space height=&#8220;30px&#8220; woodmart_hide_large=&#8220;0&#8243; woodmart_hide_medium=&#8220;0&#8243; woodmart_hide_small=&#8220;0&#8243; woodmart_hide_extra_small=&#8220;0&#8243;][vc_empty_space height=&#8220;40px&#8220; woodmart_hide_large=&#8220;0&#8243; woodmart_hide_medium=&#8220;0&#8243; woodmart_hide_small=&#8220;0&#8243; woodmart_hide_extra_small=&#8220;0&#8243;][\/vc_column][\/vc_row][vc_row full_width=&#8220;stretch_row&#8220;<\/p>\n","protected":false},"author":1,"featured_media":0,"parent":1559,"menu_order":0,"comment_status":"closed","ping_status":"closed","template":"","meta":{"footnotes":""},"class_list":["post-1546","page","type-page","status-publish","hentry"],"_links":{"self":[{"href":"https:\/\/www.bauer-wein.com\/cs\/wp-json\/wp\/v2\/pages\/1546","targetHints":{"allow":["GET"]}}],"collection":[{"href":"https:\/\/www.bauer-wein.com\/cs\/wp-json\/wp\/v2\/pages"}],"about":[{"href":"https:\/\/www.bauer-wein.com\/cs\/wp-json\/wp\/v2\/types\/page"}],"author":[{"embeddable":true,"href":"https:\/\/www.bauer-wein.com\/cs\/wp-json\/wp\/v2\/users\/1"}],"replies":[{"embeddable":true,"href":"https:\/\/www.bauer-wein.com\/cs\/wp-json\/wp\/v2\/comments?post=1546"}],"version-history":[{"count":9,"href":"https:\/\/www.bauer-wein.com\/cs\/wp-json\/wp\/v2\/pages\/1546\/revisions"}],"predecessor-version":[{"id":1658,"href":"https:\/\/www.bauer-wein.com\/cs\/wp-json\/wp\/v2\/pages\/1546\/revisions\/1658"}],"up":[{"embeddable":true,"href":"https:\/\/www.bauer-wein.com\/cs\/wp-json\/wp\/v2\/pages\/1559"}],"wp:attachment":[{"href":"https:\/\/www.bauer-wein.com\/cs\/wp-json\/wp\/v2\/media?parent=1546"}],"curies":[{"name":"wp","href":"https:\/\/api.w.org\/{rel}","templated":true}]}}