{"id":1559,"date":"2021-03-13T21:22:54","date_gmt":"2021-03-13T20:22:54","guid":{"rendered":"https:\/\/www.bauer-wein.com\/weingut\/"},"modified":"2022-03-21T15:43:56","modified_gmt":"2022-03-21T14:43:56","slug":"weingut","status":"publish","type":"page","link":"https:\/\/www.bauer-wein.com\/cs\/weingut\/","title":{"rendered":"vina\u0159stv\u00ed"},"content":{"rendered":"<div class=\"wpb-content-wrapper\"><p>[vc_row full_width=&#8220;stretch_row&#8220; mobile_bg_img_hidden=&#8220;no&#8220; tablet_bg_img_hidden=&#8220;no&#8220; woodmart_parallax=&#8220;0&#8243; woodmart_gradient_switch=&#8220;no&#8220; row_reverse_mobile=&#8220;0&#8243; row_reverse_tablet=&#8220;0&#8243; woodmart_disable_overflow=&#8220;0&#8243;][vc_column][vc_empty_space height=&#8220;30px&#8220; woodmart_hide_large=&#8220;0&#8243; woodmart_hide_medium=&#8220;0&#8243; woodmart_hide_small=&#8220;0&#8243; woodmart_hide_extra_small=&#8220;0&#8243;]\n\t\t<div id=\"wd-62388f1057448\" class=\"title-wrapper wd-wpb wd-set-mb reset-last-child  wd-rs-62388f1057448 wd-title-color-primary wd-title-style-simple text-center  wd-width-enabled wd-underline-colored\" style=\"--wd-max-width: 80%;\">\n\t\t\t\t\t\t\t\n\t\t\t\t<div class=\"title-subtitle  subtitle-color-primary font-default subtitle-style-default wd-font-weight-600 wd-fontsize-m\">Jsme 300 let rodinn\u00e9 historie!<\/div>\n\t\t\t\n\t\t\t<div class=\"liner-continer\">\n\t\t\t\t<h2 class=\"woodmart-title-container title  wd-font-weight- wd-fontsize-xxxl\" >Jsme v\u00edc ne\u017e Veltl\u00ednsk\u00e9 zelen\u00e9!<\/h2>\n\t\t\t\t\t\t\t<\/div>\n\t\t\t\n\t\t\t\t\t\t\t<div class=\"title-after_title reset-last-child  wd-fontsize-s\">Ji\u017e 11 generac\u00ed jsme spojeni s \u010derven\u00fdm v\u00ednem. U\u017e 300 let je duchem na\u0161\u00ed rodiny pestr\u00e1 souhra mezi zem\u011bd\u011blstv\u00edm, vina\u0159stv\u00edm a obchodn\u00edky. <\/div>\n\t\t\t\n\t\t\t\n\t\t<\/div>\n\t\t\n\t\t[vc_empty_space height=&#8220;40px&#8220; woodmart_hide_large=&#8220;0&#8243; woodmart_hide_medium=&#8220;0&#8243; woodmart_hide_small=&#8220;0&#8243; woodmart_hide_extra_small=&#8220;0&#8243;][\/vc_column][\/vc_row][vc_row full_width=&#8220;stretch_row&#8220; mobile_bg_img_hidden=&#8220;no&#8220; tablet_bg_img_hidden=&#8220;no&#8220; woodmart_parallax=&#8220;1&#8243; woodmart_gradient_switch=&#8220;no&#8220; row_reverse_mobile=&#8220;0&#8243; row_reverse_tablet=&#8220;0&#8243; woodmart_disable_overflow=&#8220;0&#8243; css=&#8220;.vc_custom_1615668021065{padding-top: 100px !important;padding-bottom: 100px !important;background-image: url(https:\/\/www.bauer-wein.com\/wp-content\/uploads\/weingut-bg.jpg?id=289) !important;background-position: center !important;background-repeat: no-repeat !important;background-size: cover !important;}&#8220;][vc_column width=&#8220;1\/6&#8243;][\/vc_column][vc_column width=&#8220;2\/3&#8243; mobile_bg_img_hidden=&#8220;no&#8220; tablet_bg_img_hidden=&#8220;no&#8220; woodmart_parallax=&#8220;0&#8243; woodmart_sticky_column=&#8220;false&#8220; parallax_scroll=&#8220;no&#8220; mobile_reset_margin=&#8220;no&#8220; tablet_reset_margin=&#8220;no&#8220; css=&#8220;.vc_custom_1615667989428{padding-right: 2vh !important;padding-left: 2vh !important;background-color: rgba(255,255,255,0.85) !important;*background-color: rgb(255,255,255) !important;}&#8220;][vc_empty_space height=&#8220;30px&#8220; woodmart_hide_large=&#8220;0&#8243; woodmart_hide_medium=&#8220;0&#8243; woodmart_hide_small=&#8220;0&#8243; woodmart_hide_extra_small=&#8220;0&#8243;][vc_column_text text_larger=&#8220;yes&#8220; css=&#8220;.vc_custom_1647873832263{padding-right: 2vh !important;padding-left: 2vh !important;}&#8220; woodmart_inline=&#8220;no&#8220;]Vina\u0159stv\u00ed Norbert Bauer navazuje na velkou tradici: ji\u017e od roku 1721 se vina\u0159stv\u00ed nach\u00e1z\u00ed v Jetzelsdorfu ve Weinviertelu a t\u00edm je jeden\u00e1ctou generac\u00ed v rukou rodiny. V roce 1992 p\u0159evzal od sv\u00fdch rodi\u010d\u016f podnik Norbert Bauer a vede ho spole\u010dn\u011b se svou man\u017eelkou<em>,<\/em> vina\u0159kou Giselou. Okouzluj\u00edc\u00edm<em>,<\/em> zv\u011bdav\u00fdm a velmi otev\u0159en\u00fdm zp\u016fsobem p\u0159isp\u00edv\u00e1 do vina\u0159stv\u00ed jejich p\u011bt d\u011bt\u00ed. To je to, co je jedine\u010dn\u00fdm rukopisem rodinn\u00e9ho podniku, kter\u00fd sv\u00e1 v\u00edna postupn\u011b rozv\u00edjel v pr\u016fb\u011bhu n\u011bkolika stolet\u00ed.<\/p>\n<p>V souladu s p\u0159\u00edrodou a zvl\u00e1\u0161t\u011b p\u0159\u00edzniv\u00fdmi klimatick\u00fdmi podm\u00ednkami zde na vinn\u00e9 plo\u0161e 90 hektar\u016f\u00a0 s 360 000 vinicemi \u017eije skute\u010dn\u00e1 a ekologick\u00e1 kultura.[\/vc_column_text][vc_empty_space height=&#8220;40px&#8220; woodmart_hide_large=&#8220;0&#8243; woodmart_hide_medium=&#8220;0&#8243; woodmart_hide_small=&#8220;0&#8243; woodmart_hide_extra_small=&#8220;0&#8243;][\/vc_column][vc_column width=&#8220;1\/6&#8243;][\/vc_column][\/vc_row][vc_row][vc_column css=&#8220;.vc_custom_1615928523699{padding-top: 0px !important;}&#8220; mobile_bg_img_hidden=&#8220;no&#8220; tablet_bg_img_hidden=&#8220;no&#8220; woodmart_parallax=&#8220;0&#8243; woodmart_sticky_column=&#8220;false&#8220; parallax_scroll=&#8220;no&#8220; mobile_reset_margin=&#8220;no&#8220; tablet_reset_margin=&#8220;no&#8220;][vc_raw_html]JTVCaHRtbF9ibG9jayUyMGlkJTNEJTIyNDkxJTIyJTVE[\/vc_raw_html][\/vc_column][\/vc_row]<\/p>\n<\/div>","protected":false},"excerpt":{"rendered":"<p>[vc_row full_width=&#8220;stretch_row&#8220; mobile_bg_img_hidden=&#8220;no&#8220; tablet_bg_img_hidden=&#8220;no&#8220; woodmart_parallax=&#8220;0&#8243; woodmart_gradient_switch=&#8220;no&#8220; row_reverse_mobile=&#8220;0&#8243; row_reverse_tablet=&#8220;0&#8243; woodmart_disable_overflow=&#8220;0&#8243;][vc_column][vc_empty_space height=&#8220;30px&#8220; woodmart_hide_large=&#8220;0&#8243; woodmart_hide_medium=&#8220;0&#8243; woodmart_hide_small=&#8220;0&#8243; woodmart_hide_extra_small=&#8220;0&#8243;][vc_empty_space height=&#8220;40px&#8220; woodmart_hide_large=&#8220;0&#8243; woodmart_hide_medium=&#8220;0&#8243; woodmart_hide_small=&#8220;0&#8243; woodmart_hide_extra_small=&#8220;0&#8243;][\/vc_column][\/vc_row][vc_row full_width=&#8220;stretch_row&#8220;<\/p>\n","protected":false},"author":1,"featured_media":0,"parent":0,"menu_order":0,"comment_status":"closed","ping_status":"closed","template":"","meta":{"footnotes":""},"class_list":["post-1559","page","type-page","status-publish","hentry"],"_links":{"self":[{"href":"https:\/\/www.bauer-wein.com\/cs\/wp-json\/wp\/v2\/pages\/1559","targetHints":{"allow":["GET"]}}],"collection":[{"href":"https:\/\/www.bauer-wein.com\/cs\/wp-json\/wp\/v2\/pages"}],"about":[{"href":"https:\/\/www.bauer-wein.com\/cs\/wp-json\/wp\/v2\/types\/page"}],"author":[{"embeddable":true,"href":"https:\/\/www.bauer-wein.com\/cs\/wp-json\/wp\/v2\/users\/1"}],"replies":[{"embeddable":true,"href":"https:\/\/www.bauer-wein.com\/cs\/wp-json\/wp\/v2\/comments?post=1559"}],"version-history":[{"count":3,"href":"https:\/\/www.bauer-wein.com\/cs\/wp-json\/wp\/v2\/pages\/1559\/revisions"}],"predecessor-version":[{"id":1654,"href":"https:\/\/www.bauer-wein.com\/cs\/wp-json\/wp\/v2\/pages\/1559\/revisions\/1654"}],"wp:attachment":[{"href":"https:\/\/www.bauer-wein.com\/cs\/wp-json\/wp\/v2\/media?parent=1559"}],"curies":[{"name":"wp","href":"https:\/\/api.w.org\/{rel}","templated":true}]}}