{"id":1564,"date":"2021-03-16T16:52:24","date_gmt":"2021-03-16T15:52:24","guid":{"rendered":"https:\/\/www.bauer-wein.com\/weine\/"},"modified":"2022-03-21T15:51:29","modified_gmt":"2022-03-21T14:51:29","slug":"weine","status":"publish","type":"page","link":"https:\/\/www.bauer-wein.com\/cs\/weine\/","title":{"rendered":"v\u00edno"},"content":{"rendered":"<div class=\"wpb-content-wrapper\"><p>[vc_row full_width=&#8220;stretch_row&#8220; mobile_bg_img_hidden=&#8220;no&#8220; tablet_bg_img_hidden=&#8220;no&#8220; woodmart_parallax=&#8220;0&#8243; woodmart_gradient_switch=&#8220;no&#8220; row_reverse_mobile=&#8220;0&#8243; row_reverse_tablet=&#8220;0&#8243; woodmart_disable_overflow=&#8220;0&#8243;][vc_column][vc_empty_space height=&#8220;30px&#8220; woodmart_hide_large=&#8220;0&#8243; woodmart_hide_medium=&#8220;0&#8243; woodmart_hide_small=&#8220;0&#8243; woodmart_hide_extra_small=&#8220;0&#8243;]\n\t\t<div id=\"wd-6213cdad894e9\" class=\"title-wrapper wd-wpb wd-set-mb reset-last-child  wd-rs-6213cdad894e9 wd-title-color-primary wd-title-style-simple text-center  wd-width-enabled wd-underline-colored\" style=\"--wd-max-width: 80%;\">\n\t\t\t\t\t\t\t\n\t\t\t\t<div class=\"title-subtitle  subtitle-color-primary font-default subtitle-style-default wd-font-weight-600 wd-fontsize-m\">Kvalita bez kompromis\u016f<\/div>\n\t\t\t\n\t\t\t<div class=\"liner-continer\">\n\t\t\t\t<h2 class=\"woodmart-title-container title  wd-font-weight- wd-fontsize-xxxl\" >V\u00edna a dal\u0161\u00ed<\/h2>\n\t\t\t\t\t\t\t<\/div>\n\t\t\t\n\t\t\t\t\t\t\t<div class=\"title-after_title reset-last-child  wd-fontsize-s\">Toto je hlavn\u00ed devizou a v\u016fd\u010d\u00ed my\u0161lenkou pro pr\u00e1ci ve vina\u0159stv\u00ed Norbert Bauer. Zlat\u00e9 slunce na etiket\u011b symbolizuje bohatstv\u00ed sv\u011btla a tepla \u00fadol\u00ed Pulkau, je\u017e se odr\u00e1\u017e\u00ed ve v\u00ednech. Tradice a modern\u00ed technologie jsou z\u00e1kladem, na kter\u00e9m vznikaj\u00ed v\u00edna od vina\u0159\u016f a pomoc\u00ed vina\u0159\u016f. Aby pr\u00e1ce vedla k \u00fasp\u011bchu, je k tomu pot\u0159eba mnoho komponent\u016f: dovednost a cit, srdce a mozek, \u017eit\u00ed a dodr\u017eov\u00e1n\u00ed tradic a radost z inovace. Mno\u017estv\u00ed ocen\u011bn\u00ed d\u00e1v\u00e1 na\u0161im vina\u0159\u016fm za pravdu a povzbuzuje je, aby pokra\u010dovali v hled\u00e1n\u00ed nov\u00fdch cest a p\u0159itom nepozapomn\u011bli na tradice a terroir.<\/div>\n\t\t\t\n\t\t\t\n\t\t<\/div>\n\t\t\n\t\t[vc_empty_space height=&#8220;40px&#8220; woodmart_hide_large=&#8220;0&#8243; woodmart_hide_medium=&#8220;0&#8243; woodmart_hide_small=&#8220;0&#8243; woodmart_hide_extra_small=&#8220;0&#8243;][\/vc_column][\/vc_row][vc_section full_width=&#8220;stretch_row&#8220; woodmart_bg_position=&#8220;left-bottom&#8220; css=&#8220;.vc_custom_1615910914675{padding-top: 4vh !important;background-position: 0 0 !important;background-repeat: no-repeat !important;}&#8220; mobile_bg_img_hidden=&#8220;no&#8220; tablet_bg_img_hidden=&#8220;no&#8220; woodmart_parallax=&#8220;0&#8243; woodmart_gradient_switch=&#8220;no&#8220; woodmart_disable_overflow=&#8220;1&#8243;][vc_row full_width=&#8220;stretch_row_content&#8220; content_placement=&#8220;middle&#8220; woodmart_bg_position=&#8220;right-center&#8220; css=&#8220;.vc_custom_1615911092432{background-position: 0 0 !important;background-repeat: no-repeat !important;}&#8220; mobile_bg_img_hidden=&#8220;no&#8220; tablet_bg_img_hidden=&#8220;no&#8220; woodmart_parallax=&#8220;0&#8243; woodmart_gradient_switch=&#8220;no&#8220; row_reverse_mobile=&#8220;0&#8243; row_reverse_tablet=&#8220;0&#8243; woodmart_disable_overflow=&#8220;1&#8243;][vc_column css=&#8220;.vc_custom_1615911659482{padding-top: 4vh !important;padding-bottom: 4vh !important;}&#8220; mobile_bg_img_hidden=&#8220;no&#8220; tablet_bg_img_hidden=&#8220;no&#8220; woodmart_parallax=&#8220;0&#8243; woodmart_sticky_column=&#8220;false&#8220; parallax_scroll=&#8220;no&#8220; mobile_reset_margin=&#8220;no&#8220; tablet_reset_margin=&#8220;no&#8220; offset=&#8220;vc_col-lg-offset-1 vc_col-lg-5 vc_col-md-6&#8243;]\n\t\t<div id=\"wd-6213cde546a8c\" class=\"title-wrapper wd-wpb wd-set-mb reset-last-child  wd-rs-6213cde546a8c wd-title-color-primary wd-title-style-simple text-left  wd-underline-colored\">\n\t\t\t\n\t\t\t<div class=\"liner-continer\">\n\t\t\t\t<h3 class=\"woodmart-title-container title  wd-font-weight- wd-fontsize-xl\" >Vinifikace<\/h3>\n\t\t\t\t\t\t\t<\/div>\n\t\t\t\n\t\t\t\n\t\t\t\n\t\t<\/div>\n\t\t\n\t\t[vc_column_text text_larger=&#8220;yes&#8220; css=&#8220;.vc_custom_1647874286384{padding-right: 3vh !important;}&#8220; woodmart_inline=&#8220;no&#8220;]Norbert, Willy a Gisela Bauer ve vinic\u00edch obzvl\u00e1\u0161t\u011b dbaj\u00ed na ekologickou rovnov\u00e1hu, aby hrozny dozr\u00e1valy v co nejvy\u0161\u0161\u00ed kvalit\u011b. Zpracov\u00e1n\u00ed n\u00e1sleduje dle hesla<em>:<\/em> \u010dist\u011b, rychle a \u0161etrn\u011b. V\u00edna odpo\u010d\u00edvaj\u00ed v prostorn\u00fdch p\u00edskov\u00fdch skl\u00edpc\u00edch a\u017e do optim\u00e1ln\u00ed zralosti<em>.<\/em> Rodina vina\u0159\u016f spol\u00e9h\u00e1 na \u010dasov\u00fd faktor a je velmi opatrn\u00e1 v jak\u00e9mkoliv z\u00e1sahu p\u0159i v\u00fdvoji v\u00edna. B\u00edl\u00e1 v\u00edna a \u010derven\u00e1 v\u00edna s ovocn\u00fdm n\u00e1dechem z\u016fst\u00e1vaj\u00ed v nerezov\u00fdch tanc\u00edch. Siln\u00e1 v\u00edna se d\u00e1vaj\u00ed do d\u0159ev\u011bn\u00fdch sud\u016f, ta nejlep\u0161\u00ed do barikov\u00fdch. Co se t\u00fdk\u00e1 vinifikace, jsou si Norbert a Willy Bauer naprosto za jedno: c\u00edlem je pln\u00e9 rozvinut\u00ed v\u00edna a nikoli seberealizace vina\u0159e.[\/vc_column_text][\/vc_column][vc_column woodmart_bg_position=&#8220;center-center&#8220; offset=&#8220;vc_col-lg-offset-0 vc_col-lg-6 vc_col-md-6&#8243; mobile_bg_img_hidden=&#8220;no&#8220; tablet_bg_img_hidden=&#8220;no&#8220; woodmart_parallax=&#8220;0&#8243; woodmart_sticky_column=&#8220;false&#8220; parallax_scroll=&#8220;no&#8220; mobile_reset_margin=&#8220;no&#8220; tablet_reset_margin=&#8220;no&#8220; css=&#8220;.vc_custom_1615911548875{padding-top: 4vh !important;padding-bottom: 4vh !important;background-image: url(https:\/\/www.bauer-wein.com\/wp-content\/uploads\/weine-bg.jpg?id=433) !important;background-position: 0 0 !important;background-repeat: no-repeat !important;}&#8220;][vc_single_image image=&#8220;1451&#8243; img_size=&#8220;620&#215;520&#8243; scroll_x=&#8220;0&#8243; scroll_y=&#8220;-80&#8243; scroll_z=&#8220;0&#8243; parallax_scroll=&#8220;yes&#8220; css=&#8220;.vc_custom_1615911679374{margin-bottom: 0px !important;margin-left: -5vh !important;}&#8220;][\/vc_column][\/vc_row][\/vc_section][vc_row][vc_column][vc_raw_html]JTVCaHRtbF9ibG9jayUyMGlkJTNEJTIyNDkxJTIyJTVE[\/vc_raw_html][\/vc_column][\/vc_row]<\/p>\n<\/div>","protected":false},"excerpt":{"rendered":"<p>[vc_row full_width=&#8220;stretch_row&#8220; mobile_bg_img_hidden=&#8220;no&#8220; tablet_bg_img_hidden=&#8220;no&#8220; woodmart_parallax=&#8220;0&#8243; woodmart_gradient_switch=&#8220;no&#8220; row_reverse_mobile=&#8220;0&#8243; row_reverse_tablet=&#8220;0&#8243; woodmart_disable_overflow=&#8220;0&#8243;][vc_column][vc_empty_space height=&#8220;30px&#8220; woodmart_hide_large=&#8220;0&#8243; woodmart_hide_medium=&#8220;0&#8243; woodmart_hide_small=&#8220;0&#8243; woodmart_hide_extra_small=&#8220;0&#8243;][vc_empty_space height=&#8220;40px&#8220; woodmart_hide_large=&#8220;0&#8243; woodmart_hide_medium=&#8220;0&#8243; woodmart_hide_small=&#8220;0&#8243; woodmart_hide_extra_small=&#8220;0&#8243;][\/vc_column][\/vc_row][vc_section full_width=&#8220;stretch_row&#8220;<\/p>\n","protected":false},"author":1,"featured_media":0,"parent":0,"menu_order":0,"comment_status":"closed","ping_status":"closed","template":"","meta":{"footnotes":""},"class_list":["post-1564","page","type-page","status-publish","hentry"],"_links":{"self":[{"href":"https:\/\/www.bauer-wein.com\/cs\/wp-json\/wp\/v2\/pages\/1564","targetHints":{"allow":["GET"]}}],"collection":[{"href":"https:\/\/www.bauer-wein.com\/cs\/wp-json\/wp\/v2\/pages"}],"about":[{"href":"https:\/\/www.bauer-wein.com\/cs\/wp-json\/wp\/v2\/types\/page"}],"author":[{"embeddable":true,"href":"https:\/\/www.bauer-wein.com\/cs\/wp-json\/wp\/v2\/users\/1"}],"replies":[{"embeddable":true,"href":"https:\/\/www.bauer-wein.com\/cs\/wp-json\/wp\/v2\/comments?post=1564"}],"version-history":[{"count":3,"href":"https:\/\/www.bauer-wein.com\/cs\/wp-json\/wp\/v2\/pages\/1564\/revisions"}],"predecessor-version":[{"id":1659,"href":"https:\/\/www.bauer-wein.com\/cs\/wp-json\/wp\/v2\/pages\/1564\/revisions\/1659"}],"wp:attachment":[{"href":"https:\/\/www.bauer-wein.com\/cs\/wp-json\/wp\/v2\/media?parent=1564"}],"curies":[{"name":"wp","href":"https:\/\/api.w.org\/{rel}","templated":true}]}}