{"id":1585,"date":"2021-03-09T16:06:21","date_gmt":"2021-03-09T15:06:21","guid":{"rendered":"https:\/\/www.bauer-wein.com\/urlaub-beim-winzer\/"},"modified":"2022-03-21T15:54:40","modified_gmt":"2022-03-21T14:54:40","slug":"urlaub-beim-winzer","status":"publish","type":"page","link":"https:\/\/www.bauer-wein.com\/cs\/urlaub-beim-winzer\/","title":{"rendered":"Dovolen\u00e1"},"content":{"rendered":"<div class=\"wpb-content-wrapper\"><p>[vc_row full_width=&#8220;stretch_row&#8220; mobile_bg_img_hidden=&#8220;no&#8220; tablet_bg_img_hidden=&#8220;no&#8220; woodmart_parallax=&#8220;0&#8243; woodmart_gradient_switch=&#8220;no&#8220; row_reverse_mobile=&#8220;0&#8243; row_reverse_tablet=&#8220;0&#8243; woodmart_disable_overflow=&#8220;0&#8243;][vc_column][vc_empty_space height=&#8220;30px&#8220; woodmart_hide_large=&#8220;0&#8243; woodmart_hide_medium=&#8220;0&#8243; woodmart_hide_small=&#8220;0&#8243; woodmart_hide_extra_small=&#8220;0&#8243;]\n\t\t<div id=\"wd-6214922791fd2\" class=\"title-wrapper wd-wpb wd-set-mb reset-last-child  wd-rs-6214922791fd2 wd-title-color-primary wd-title-style-simple text-center  wd-width-enabled wd-underline-colored\" style=\"--wd-max-width: 80%;\">\n\t\t\t\t\t\t\t\n\t\t\t\t<div class=\"title-subtitle  subtitle-color-primary font-default subtitle-style-default wd-font-weight-600 wd-fontsize-m\">V\u00c1\u0160NIV\u00c9 POHOSTINSTV\u00cd<\/div>\n\t\t\t\n\t\t\t<div class=\"liner-continer\">\n\t\t\t\t<h2 class=\"woodmart-title-container title  wd-font-weight- wd-fontsize-xxxl\" >DOVOLEN\u00c1 U VINA\u0158E<\/h2>\n\t\t\t\t\t\t\t<\/div>\n\t\t\t\n\t\t\t\t\t\t\t<div class=\"title-after_title reset-last-child  wd-fontsize-s\">Cht\u011bli byste si opravdu u\u017e\u00edt pestr\u00e9 atmosf\u00e9ry ve vina\u0159stv\u00ed uprost\u0159ed \u00farodn\u00e9 krajiny a n\u00e1dhern\u00fdch vinic, u\u017e\u00edt si p\u0159\u00edrody a kultury, ochutnat v\u00edna a lah\u016fdky p\u0159i \u201eWein.Leut.Geben\u201c (\u201eRozl\u00e9v\u00e1n\u00ed v\u00edna v \u0161enku\u201c - prastar\u00fd v\u00fdraz z doby baroka pro dne\u0161n\u00ed Heurige)? Nebo cht\u011bli byste se zastavit p\u0159\u00edmo u n\u00e1s po del\u0161\u00ed cyklistick\u00e9 t\u00fa\u0159e vinicemi?<\/div>\n\t\t\t\n\t\t\t\n\t\t<\/div>\n\t\t\n\t\t[vc_empty_space height=&#8220;40px&#8220; woodmart_hide_large=&#8220;0&#8243; woodmart_hide_medium=&#8220;0&#8243; woodmart_hide_small=&#8220;0&#8243; woodmart_hide_extra_small=&#8220;0&#8243;][\/vc_column][\/vc_row][vc_row full_width=&#8220;stretch_row_content_no_spaces&#8220; css=&#8220;.vc_custom_1588716663633{padding-top: 0px !important;}&#8220; mobile_bg_img_hidden=&#8220;no&#8220; tablet_bg_img_hidden=&#8220;no&#8220; woodmart_parallax=&#8220;0&#8243; woodmart_gradient_switch=&#8220;no&#8220; row_reverse_mobile=&#8220;0&#8243; row_reverse_tablet=&#8220;0&#8243; woodmart_disable_overflow=&#8220;0&#8243;][vc_column css=&#8220;.vc_custom_1588716652293{padding-top: 0px !important;}&#8220; mobile_bg_img_hidden=&#8220;no&#8220; tablet_bg_img_hidden=&#8220;no&#8220; woodmart_parallax=&#8220;0&#8243; woodmart_sticky_column=&#8220;false&#8220; parallax_scroll=&#8220;no&#8220; mobile_reset_margin=&#8220;no&#8220; tablet_reset_margin=&#8220;no&#8220;][vc_empty_space height=&#8220;20px&#8220; woodmart_hide_large=&#8220;0&#8243; woodmart_hide_medium=&#8220;0&#8243; woodmart_hide_small=&#8220;0&#8243; woodmart_hide_extra_small=&#8220;0&#8243;]\t\t\t<div id=\"wd-6047908923340\" class=\"wd-row-divider wd-6047908923340 dvr-position-bottom dvr-style-sweet-wave\">\n\t\t\t\t<svg width=\"100%\" height=\"50px\" viewBox=\"0 0 1920 80\" xmlns=\"http:\/\/www.w3.org\/2000\/svg\" preserveAspectRatio=\"none\">\n<path d=\"M0 20C0 20 169.5 0 510 0C850.5 0 1069.5 60 1410 60C1750.5 60 1920 20 1920 20V80H0V20Z\" \/>\n<\/svg>\n\t\t\t\t\t\t\t<\/div>\n\t\t[\/vc_column][\/vc_row][vc_row full_width=&#8220;stretch_row&#8220; mobile_bg_img_hidden=&#8220;no&#8220; tablet_bg_img_hidden=&#8220;no&#8220; woodmart_parallax=&#8220;0&#8243; woodmart_gradient_switch=&#8220;no&#8220; row_reverse_mobile=&#8220;0&#8243; row_reverse_tablet=&#8220;0&#8243; woodmart_disable_overflow=&#8220;0&#8243; css=&#8220;.vc_custom_1615302825824{background-color: #b69145 !important;}&#8220;][vc_column css=&#8220;.vc_custom_1589323743620{padding-top: 0px !important;}&#8220; mobile_bg_img_hidden=&#8220;no&#8220; tablet_bg_img_hidden=&#8220;no&#8220; woodmart_parallax=&#8220;0&#8243; woodmart_sticky_column=&#8220;false&#8220; parallax_scroll=&#8220;no&#8220; mobile_reset_margin=&#8220;no&#8220; tablet_reset_margin=&#8220;no&#8220;][vc_empty_space height=&#8220;30px&#8220; woodmart_hide_large=&#8220;0&#8243; woodmart_hide_medium=&#8220;0&#8243; woodmart_hide_small=&#8220;0&#8243; woodmart_hide_extra_small=&#8220;0&#8243;]\n\t\t<div id=\"wd-6238911def33e\" class=\"title-wrapper wd-wpb wd-set-mb reset-last-child  wd-rs-6238911def33e wd-title-color-white wd-title-style-simple text-center  wd-width-enabled wd-underline-colored\" style=\"--wd-max-width: 80%;\">\n\t\t\t\n\t\t\t<div class=\"liner-continer\">\n\t\t\t\t<h2 class=\"woodmart-title-container title  wd-font-weight- wd-fontsize-xl\" >U\u017eijte si atmosf\u00e9ry<\/h2>\n\t\t\t\t\t\t\t<\/div>\n\t\t\t\n\t\t\t\n\t\t\t\n\t\t<\/div>\n\t\t\n\t\t[\/vc_column][\/vc_row][vc_row full_width=&#8220;stretch_row&#8220; content_placement=&#8220;middle&#8220; mobile_bg_img_hidden=&#8220;no&#8220; tablet_bg_img_hidden=&#8220;no&#8220; woodmart_parallax=&#8220;1&#8243; woodmart_gradient_switch=&#8220;no&#8220; row_reverse_mobile=&#8220;0&#8243; row_reverse_tablet=&#8220;0&#8243; woodmart_disable_overflow=&#8220;0&#8243; css=&#8220;.vc_custom_1615302834767{background-color: #b69145 !important;}&#8220;][vc_column width=&#8220;1\/2&#8243; woodmart_color_scheme=&#8220;light&#8220; mobile_bg_img_hidden=&#8220;no&#8220; tablet_bg_img_hidden=&#8220;no&#8220; woodmart_parallax=&#8220;0&#8243; woodmart_sticky_column=&#8220;false&#8220; parallax_scroll=&#8220;no&#8220; mobile_reset_margin=&#8220;no&#8220; tablet_reset_margin=&#8220;no&#8220; css=&#8220;.vc_custom_1589322199004{padding-top: 0px !important;}&#8220;][vc_empty_space height=&#8220;20px&#8220; woodmart_hide_large=&#8220;0&#8243; woodmart_hide_medium=&#8220;0&#8243; woodmart_hide_small=&#8220;0&#8243; woodmart_hide_extra_small=&#8220;0&#8243;][vc_column_text text_larger=&#8220;yes&#8220; woodmart_inline=&#8220;no&#8220;]V\u00e1\u0161niv\u00e1 pohostinnost \u2013 to je to, co charakterizuje hostitelku Giselu Bauer. Pr\u00e1v\u011b ona je ta, je\u017e se postar\u00e1 se sv\u00fdm t\u00fdmem, aby na\u0161im host\u016fm ni\u010deho nechyb\u011blo.<\/p>\n<p>Jako vina\u0159ka porad\u00ed Gisela Bauer velmi r\u00e1da sv\u00fdm dom\u00e1c\u00edm host\u016fm p\u0159i v\u00fdb\u011bru v\u00edna \u201ena doma\u201c. Byl tu nejeden host, kter\u00fd u\u017e v kufru nem\u011bl ani m\u00edste\u010dko na zavazadlo, jeliko\u017e doma necht\u011bl postr\u00e1dat v\u00edna rodiny Bauerovy.<\/p>\n<p>Tady \u010dlov\u011bk chce z\u016fstat, tady chce \u010dlov\u011bk c\u00edtit tu pravou atmosf\u00e9ru \u2026 daleko od v\u0161edn\u00edch dn\u016f, jednodu\u0161\u0161e se do n\u00ed pono\u0159it a c\u00edtit se skv\u011ble[\/vc_column_text][vc_empty_space height=&#8220;20px&#8220; woodmart_hide_large=&#8220;0&#8243; woodmart_hide_medium=&#8220;0&#8243; woodmart_hide_small=&#8220;0&#8243; woodmart_hide_extra_small=&#8220;0&#8243;][\/vc_column][vc_column css_animation=&#8220;none&#8220; width=&#8220;1\/2&#8243; mobile_bg_img_hidden=&#8220;no&#8220; tablet_bg_img_hidden=&#8220;no&#8220; woodmart_parallax=&#8220;0&#8243; woodmart_sticky_column=&#8220;false&#8220; parallax_scroll=&#8220;no&#8220; mobile_reset_margin=&#8220;no&#8220; tablet_reset_margin=&#8220;no&#8220; css=&#8220;.vc_custom_1589322214474{padding-top: 0px !important;}&#8220;][vc_empty_space height=&#8220;20px&#8220; woodmart_hide_large=&#8220;0&#8243; woodmart_hide_medium=&#8220;0&#8243; woodmart_hide_small=&#8220;0&#8243; woodmart_hide_extra_small=&#8220;0&#8243;][vc_single_image image=&#8220;1405&#8243; img_size=&#8220;large&#8220; alignment=&#8220;center&#8220; style=&#8220;vc_box_shadow&#8220; parallax_scroll=&#8220;no&#8220;][vc_empty_space height=&#8220;40px&#8220; woodmart_hide_large=&#8220;0&#8243; woodmart_hide_medium=&#8220;0&#8243; woodmart_hide_small=&#8220;0&#8243; woodmart_hide_extra_small=&#8220;0&#8243;][\/vc_column][\/vc_row][vc_row full_width=&#8220;stretch_row_content_no_spaces&#8220; css=&#8220;.vc_custom_1588716663633{padding-top: 0px !important;}&#8220; mobile_bg_img_hidden=&#8220;no&#8220; tablet_bg_img_hidden=&#8220;no&#8220; woodmart_parallax=&#8220;0&#8243; woodmart_gradient_switch=&#8220;no&#8220; row_reverse_mobile=&#8220;0&#8243; row_reverse_tablet=&#8220;0&#8243; woodmart_disable_overflow=&#8220;0&#8243;][vc_column css=&#8220;.vc_custom_1588716652293{padding-top: 0px !important;}&#8220; mobile_bg_img_hidden=&#8220;no&#8220; tablet_bg_img_hidden=&#8220;no&#8220; woodmart_parallax=&#8220;0&#8243; woodmart_sticky_column=&#8220;false&#8220; parallax_scroll=&#8220;no&#8220; mobile_reset_margin=&#8220;no&#8220; tablet_reset_margin=&#8220;no&#8220;]\t\t\t<div id=\"wd-604790cb1dabc\" class=\"wd-row-divider wd-604790cb1dabc dvr-position-top dvr-style-sweet-wave\">\n\t\t\t\t<svg width=\"100%\" height=\"50px\" viewBox=\"0 0 1920 80\" xmlns=\"http:\/\/www.w3.org\/2000\/svg\" class=\"wd-divider\" preserveAspectRatio=\"none\">\n<path class=\"elementor-shape-fill\" d=\"M1920,60s-169.5,20-510,20S850.5,20,510,20,0,60,0,60V0H1920Z\" \/>\n<\/svg>\n\t\t\t\t\t\t\t<\/div>\n\t\t[\/vc_column][\/vc_row][vc_row][vc_column][vc_empty_space height=&#8220;30px&#8220; woodmart_hide_large=&#8220;0&#8243; woodmart_hide_medium=&#8220;0&#8243; woodmart_hide_small=&#8220;0&#8243; woodmart_hide_extra_small=&#8220;0&#8243;]\n\t\t<div id=\"wd-6214929c878c2\" class=\"title-wrapper wd-wpb wd-set-mb reset-last-child  wd-rs-6214929c878c2 wd-title-color-primary wd-title-style-simple text-center  wd-width-enabled wd-underline-colored\" style=\"--wd-max-width: 80%;\">\n\t\t\t\n\t\t\t<div class=\"liner-continer\">\n\t\t\t\t<h2 class=\"woodmart-title-container title  wd-font-weight- wd-fontsize-xl\" >Nab\u00eddky ve Weinviertelu<\/h2>\n\t\t\t\t\t\t\t<\/div>\n\t\t\t\n\t\t\t\n\t\t\t\n\t\t<\/div>\n\t\t\n\t\t[\/vc_column][\/vc_row][vc_row full_width=&#8220;stretch_row&#8220; content_placement=&#8220;middle&#8220; mobile_bg_img_hidden=&#8220;no&#8220; tablet_bg_img_hidden=&#8220;no&#8220; woodmart_parallax=&#8220;1&#8243; woodmart_gradient_switch=&#8220;no&#8220; row_reverse_mobile=&#8220;1&#8243; row_reverse_tablet=&#8220;0&#8243; woodmart_disable_overflow=&#8220;0&#8243;][vc_column css_animation=&#8220;none&#8220; width=&#8220;1\/2&#8243; mobile_bg_img_hidden=&#8220;no&#8220; tablet_bg_img_hidden=&#8220;no&#8220; woodmart_parallax=&#8220;0&#8243; woodmart_sticky_column=&#8220;false&#8220; parallax_scroll=&#8220;no&#8220; mobile_reset_margin=&#8220;no&#8220; tablet_reset_margin=&#8220;no&#8220;][vc_empty_space height=&#8220;20px&#8220; woodmart_hide_large=&#8220;0&#8243; woodmart_hide_medium=&#8220;0&#8243; woodmart_hide_small=&#8220;0&#8243; woodmart_hide_extra_small=&#8220;0&#8243;][vc_single_image image=&#8220;1406&#8243; img_size=&#8220;large&#8220; alignment=&#8220;center&#8220; style=&#8220;vc_box_shadow&#8220; parallax_scroll=&#8220;no&#8220;][vc_empty_space height=&#8220;40px&#8220; woodmart_hide_large=&#8220;0&#8243; woodmart_hide_medium=&#8220;0&#8243; woodmart_hide_small=&#8220;0&#8243; woodmart_hide_extra_small=&#8220;0&#8243;][\/vc_column][vc_column width=&#8220;1\/2&#8243; mobile_bg_img_hidden=&#8220;no&#8220; tablet_bg_img_hidden=&#8220;no&#8220; woodmart_parallax=&#8220;0&#8243; woodmart_sticky_column=&#8220;false&#8220; parallax_scroll=&#8220;no&#8220; mobile_reset_margin=&#8220;no&#8220; tablet_reset_margin=&#8220;no&#8220;][vc_empty_space height=&#8220;20px&#8220; woodmart_hide_large=&#8220;0&#8243; woodmart_hide_medium=&#8220;0&#8243; woodmart_hide_small=&#8220;0&#8243; woodmart_hide_extra_small=&#8220;0&#8243;][vc_column_text text_larger=&#8220;yes&#8220; woodmart_inline=&#8220;no&#8220;]<\/p>\n<ul>\n<li>pro milovn\u00edky kultury, nebo\u0165 Retz je odtud vzd\u00e1len jen 7 km,<br \/>\nZnojmo jen 15\u00a0 km a V\u00edde\u0148 pouh\u00fdch 60 km<\/li>\n<li>pro nad\u0161en\u00e9 cyklisty, nebo\u0165 hned za rohem je dob\u0159e rozvinut\u00e1 a skv\u011ble ozna\u010den\u00e1 cyklistick\u00e1 trasa vedouc\u00ed a\u017e p\u0159es hranice<\/li>\n<li>pro milovn\u00edky p\u011b\u0161\u00ed turistiky, nebo\u0165 p\u0159\u00edmo p\u0159ede dve\u0159mi je mnoho malebn\u00fdch sklepn\u00edch uli\u010dek. A N\u00e1rodn\u00ed pak Thayatal, kter\u00fd se nach\u00e1z\u00ed ve vzd\u00e1lenosti 20 kilometr\u016f, nab\u00edz\u00ed tak\u00e9 \u010detn\u00e9 p\u0159ekr\u00e1sn\u00e9 turistick\u00e9 trasy<\/li>\n<li>pro milovn\u00edky wellnessu, nebo\u0165 term\u00e1ln\u00ed l\u00e1zn\u011b \u201eTherme Laa\u201c jsou odtud vzd\u00e1leny pouh\u00fdch 25\u00a0km<\/li>\n<\/ul>\n<p>\u2026. a je\u0161t\u011b mnohem v\u00edc[\/vc_column_text][vc_empty_space height=&#8220;20px&#8220; woodmart_hide_large=&#8220;0&#8243; woodmart_hide_medium=&#8220;0&#8243; woodmart_hide_small=&#8220;0&#8243; woodmart_hide_extra_small=&#8220;0&#8243;][\/vc_column][\/vc_row][vc_row full_width=&#8220;stretch_row_content_no_spaces&#8220; css=&#8220;.vc_custom_1615412798058{padding-top: 0px !important;}&#8220; mobile_bg_img_hidden=&#8220;no&#8220; tablet_bg_img_hidden=&#8220;no&#8220; woodmart_parallax=&#8220;0&#8243; woodmart_gradient_switch=&#8220;no&#8220; row_reverse_mobile=&#8220;0&#8243; row_reverse_tablet=&#8220;0&#8243; woodmart_disable_overflow=&#8220;0&#8243;][vc_column css=&#8220;.vc_custom_1588716652293{padding-top: 0px !important;}&#8220; mobile_bg_img_hidden=&#8220;no&#8220; tablet_bg_img_hidden=&#8220;no&#8220; woodmart_parallax=&#8220;0&#8243; woodmart_sticky_column=&#8220;false&#8220; parallax_scroll=&#8220;no&#8220; mobile_reset_margin=&#8220;no&#8220; tablet_reset_margin=&#8220;no&#8220;][vc_empty_space height=&#8220;20px&#8220; woodmart_hide_large=&#8220;0&#8243; woodmart_hide_medium=&#8220;0&#8243; woodmart_hide_small=&#8220;0&#8243; woodmart_hide_extra_small=&#8220;0&#8243;]\t\t\t<div id=\"wd-5ed440846d8d4\" class=\"wd-row-divider wd-5ed440846d8d4 dvr-position-bottom dvr-style-sweet-wave\">\n\t\t\t\t<svg width=\"100%\" height=\"50px\" viewBox=\"0 0 1920 80\" xmlns=\"http:\/\/www.w3.org\/2000\/svg\" preserveAspectRatio=\"none\">\n<path d=\"M0 20C0 20 169.5 0 510 0C850.5 0 1069.5 60 1410 60C1750.5 60 1920 20 1920 20V80H0V20Z\" \/>\n<\/svg>\n\t\t\t\t\t\t\t<\/div>\n\t\t[\/vc_column][\/vc_row][vc_row full_width=&#8220;stretch_row&#8220; mobile_bg_img_hidden=&#8220;no&#8220; tablet_bg_img_hidden=&#8220;no&#8220; woodmart_parallax=&#8220;0&#8243; woodmart_gradient_switch=&#8220;no&#8220; row_reverse_mobile=&#8220;0&#8243; row_reverse_tablet=&#8220;0&#8243; woodmart_disable_overflow=&#8220;0&#8243; css=&#8220;.vc_custom_1590968252588{background-color: #f7f7f7 !important;}&#8220;][vc_column css=&#8220;.vc_custom_1590968383228{padding-top: 0px !important;}&#8220; mobile_bg_img_hidden=&#8220;no&#8220; tablet_bg_img_hidden=&#8220;no&#8220; woodmart_parallax=&#8220;0&#8243; woodmart_sticky_column=&#8220;false&#8220; parallax_scroll=&#8220;no&#8220; mobile_reset_margin=&#8220;no&#8220; tablet_reset_margin=&#8220;no&#8220;][vc_empty_space height=&#8220;30px&#8220; woodmart_hide_large=&#8220;0&#8243; woodmart_hide_medium=&#8220;0&#8243; woodmart_hide_small=&#8220;0&#8243; woodmart_hide_extra_small=&#8220;0&#8243;]\n\t\t<div id=\"wd-6047b580cf326\" class=\"title-wrapper wd-wpb wd-set-mb reset-last-child  wd-rs-6047b580cf326 wd-title-color-primary wd-title-style-simple text-center  wd-width-enabled wd-underline-colored\" style=\"--wd-max-width: 80%;\">\n\t\t\t\n\t\t\t<div class=\"liner-continer\">\n\t\t\t\t<h2 class=\"woodmart-title-container title  wd-font-weight- wd-fontsize-xl\" >Zimmer, Preise, Ambiente<\/h2>\n\t\t\t\t\t\t\t<\/div>\n\t\t\t\n\t\t\t\n\t\t\t\n\t\t<\/div>\n\t\t\n\t\t[\/vc_column][\/vc_row][vc_row full_width=&#8220;stretch_row&#8220; content_placement=&#8220;middle&#8220; mobile_bg_img_hidden=&#8220;no&#8220; tablet_bg_img_hidden=&#8220;no&#8220; woodmart_parallax=&#8220;1&#8243; woodmart_gradient_switch=&#8220;no&#8220; row_reverse_mobile=&#8220;0&#8243; row_reverse_tablet=&#8220;0&#8243; woodmart_disable_overflow=&#8220;0&#8243; css=&#8220;.vc_custom_1615310441260{padding-bottom: 40px !important;background-color: #f7f7f7 !important;}&#8220;][vc_column width=&#8220;1\/3&#8243; mobile_bg_img_hidden=&#8220;no&#8220; tablet_bg_img_hidden=&#8220;no&#8220; woodmart_parallax=&#8220;0&#8243; woodmart_sticky_column=&#8220;false&#8220; parallax_scroll=&#8220;no&#8220; mobile_reset_margin=&#8220;no&#8220; tablet_reset_margin=&#8220;no&#8220; css=&#8220;.vc_custom_1590968400572{padding-top: 0px !important;}&#8220;][vc_empty_space height=&#8220;20px&#8220; woodmart_hide_large=&#8220;0&#8243; woodmart_hide_medium=&#8220;0&#8243; woodmart_hide_small=&#8220;0&#8243; woodmart_hide_extra_small=&#8220;0&#8243;]\t\t<div class=\"promo-banner-wrapper  wd-rs-6047b371a2429 \">\n\t\t\t<div id=\"wd-6047b371a2429\" class=\"promo-banner  banner-shadow banner-hover-zoom color-scheme-light banner-btn-size-default banner-btn-style-default banner-increased-padding  with-btn banner-btn-position-static wd-with-link wd-underline-colored\">\n\t\t\t\t<div class=\"main-wrapp-img\">\n\t\t\t\t\t<div class=\"banner-image wd-bg-position-center\" >\n\t\t\t\t\t\t<img loading=\"lazy\" decoding=\"async\" width=\"1024\" height=\"683\" src=\"https:\/\/www.bauer-wein.com\/wp-content\/uploads\/zimmer-promo-1024x683.jpg\" class=\"attachment-large size-large\" alt=\"\" \/>\t\t\t\t\t<\/div>\n\t\t\t\t<\/div>\n\n\t\t\t\t<div class=\"wrapper-content-banner wd-fill  wd-items-bottom wd-justify-left\">\n\t\t\t\t\t<div class=\"content-banner  text-left\">\n\t\t\t\t\t\t<div class=\"banner-subtitle subtitle-color-default subtitle-style-default wd-fontsize-xs wd-font-weight-\">KLEIN, ABER FEIN!<\/div><h4 class=\"banner-title wd-font-weight- wd-fontsize-l\">Die Zimmer<\/h4>\t\t\t\t\t\t\t\t\t\t\t\t\t<div class=\"banner-inner reset-last-child wd-fontsize-xs\">\n\t\t\t\t\t\t\t\t<p><strong>Winzerflair in anregendem Ambiente<\/strong><\/p>\n\t\t\t\t\t\t\t<\/div>\n\t\t\t\t\t\t\n\t\t\t\t\t\t\n\t\t\t\t\t\t<div class=\"banner-btn-wrapper\"><div id=\"wd-69f0ad4f01ce1\" class=\"  wd-button-wrapper text-left\"><a href=\"http:\/\/www.bauer-wein.com\/urlaub-beim-winzer\/zimmer\/\" title=\"\" class=\"btn btn-color-primary btn-style-default btn-shape-semi-round btn-size-default\">Mehr erfahren<\/a><\/div><\/div>\t\t\t\t\t<\/div>\n\t\t\t\t<\/div>\n\n\t\t\t\t\t\t\t\t\t<a class=\"wd-promo-banner-link wd-fill\" aria-label=\"Banner link\" href=\"http:\/\/www.bauer-wein.com\/urlaub-beim-winzer\/zimmer\/\" title=\"\"><\/a>\n\t\t\t\t\n\t\t\t\t\t\t\t<\/div>\n\t\t<\/div>\n\n\t\t[vc_empty_space height=&#8220;40px&#8220; woodmart_hide_large=&#8220;0&#8243; woodmart_hide_medium=&#8220;0&#8243; woodmart_hide_small=&#8220;0&#8243; woodmart_hide_extra_small=&#8220;0&#8243;][\/vc_column][vc_column css_animation=&#8220;none&#8220; width=&#8220;1\/3&#8243; mobile_bg_img_hidden=&#8220;no&#8220; tablet_bg_img_hidden=&#8220;no&#8220; woodmart_parallax=&#8220;0&#8243; woodmart_sticky_column=&#8220;false&#8220; parallax_scroll=&#8220;no&#8220; mobile_reset_margin=&#8220;no&#8220; tablet_reset_margin=&#8220;no&#8220; css=&#8220;.vc_custom_1615310902832{padding-top: 0px !important;}&#8220;][vc_empty_space height=&#8220;20px&#8220; woodmart_hide_large=&#8220;0&#8243; woodmart_hide_medium=&#8220;0&#8243; woodmart_hide_small=&#8220;0&#8243; woodmart_hide_extra_small=&#8220;0&#8243;]\t\t<div class=\"promo-banner-wrapper  wd-rs-605cf7c849e1b \">\n\t\t\t<div id=\"wd-605cf7c849e1b\" class=\"promo-banner  banner-shadow banner-hover-zoom color-scheme-light banner-btn-size-default banner-btn-style-default banner-increased-padding  with-btn banner-btn-position-static wd-with-link wd-underline-colored\">\n\t\t\t\t<div class=\"main-wrapp-img\">\n\t\t\t\t\t<div class=\"banner-image wd-bg-position-center\" >\n\t\t\t\t\t\t<img loading=\"lazy\" decoding=\"async\" width=\"1024\" height=\"683\" src=\"https:\/\/www.bauer-wein.com\/wp-content\/uploads\/kellerstoeckl-promo-2-1024x683.jpg\" class=\"attachment-large size-large\" alt=\"\" \/>\t\t\t\t\t<\/div>\n\t\t\t\t<\/div>\n\n\t\t\t\t<div class=\"wrapper-content-banner wd-fill  wd-items-bottom wd-justify-left\">\n\t\t\t\t\t<div class=\"content-banner  text-left\">\n\t\t\t\t\t\t<div class=\"banner-subtitle subtitle-color-default subtitle-style-default wd-fontsize-xs wd-font-weight-\">F\u00dcR GENUSSMENSCHEN<\/div><h4 class=\"banner-title wd-font-weight- wd-fontsize-l\">Genusspakete<\/h4>\t\t\t\t\t\t\t\t\t\t\t\t\t<div class=\"banner-inner reset-last-child wd-fontsize-xs\">\n\t\t\t\t\t\t\t\t<p><strong>Atmosph\u00e4re und Landschaft genie\u00dfen<\/strong><\/p>\n\t\t\t\t\t\t\t<\/div>\n\t\t\t\t\t\t\n\t\t\t\t\t\t\n\t\t\t\t\t\t<div class=\"banner-btn-wrapper\"><div id=\"wd-69f0ad4f02466\" class=\"  wd-button-wrapper text-left\"><a href=\"http:\/\/www.bauer-wein.com\/urlaub-beim-winzer\/genusspakete\/\" title=\"\" class=\"btn btn-color-primary btn-style-default btn-shape-semi-round btn-size-default\">Mehr erfahren<\/a><\/div><\/div>\t\t\t\t\t<\/div>\n\t\t\t\t<\/div>\n\n\t\t\t\t\t\t\t\t\t<a class=\"wd-promo-banner-link wd-fill\" aria-label=\"Banner link\" href=\"http:\/\/www.bauer-wein.com\/urlaub-beim-winzer\/genusspakete\/\" title=\"\"><\/a>\n\t\t\t\t\n\t\t\t\t\t\t\t<\/div>\n\t\t<\/div>\n\n\t\t[vc_empty_space height=&#8220;40px&#8220; woodmart_hide_large=&#8220;0&#8243; woodmart_hide_medium=&#8220;0&#8243; woodmart_hide_small=&#8220;0&#8243; woodmart_hide_extra_small=&#8220;0&#8243;][\/vc_column][vc_column width=&#8220;1\/3&#8243; css=&#8220;.vc_custom_1615310898479{padding-top: 0px !important;}&#8220; mobile_bg_img_hidden=&#8220;no&#8220; tablet_bg_img_hidden=&#8220;no&#8220; woodmart_parallax=&#8220;0&#8243; woodmart_sticky_column=&#8220;false&#8220; parallax_scroll=&#8220;no&#8220; mobile_reset_margin=&#8220;no&#8220; tablet_reset_margin=&#8220;no&#8220;][vc_empty_space height=&#8220;20px&#8220; woodmart_hide_large=&#8220;0&#8243; woodmart_hide_medium=&#8220;0&#8243; woodmart_hide_small=&#8220;0&#8243; woodmart_hide_extra_small=&#8220;0&#8243;]\t\t<div class=\"promo-banner-wrapper  wd-rs-6047b5373f9f8 \">\n\t\t\t<div id=\"wd-6047b5373f9f8\" class=\"promo-banner  banner-shadow banner-hover-zoom color-scheme-light banner-btn-size-default banner-btn-style-default banner-increased-padding  with-btn banner-btn-position-static wd-with-link wd-underline-colored\">\n\t\t\t\t<div class=\"main-wrapp-img\">\n\t\t\t\t\t<div class=\"banner-image wd-bg-position-center\" >\n\t\t\t\t\t\t<img loading=\"lazy\" decoding=\"async\" width=\"1024\" height=\"683\" src=\"https:\/\/www.bauer-wein.com\/wp-content\/uploads\/rund-weingut-promo-1024x683.jpg\" class=\"attachment-large size-large\" alt=\"\" \/>\t\t\t\t\t<\/div>\n\t\t\t\t<\/div>\n\n\t\t\t\t<div class=\"wrapper-content-banner wd-fill  wd-items-bottom wd-justify-left\">\n\t\t\t\t\t<div class=\"content-banner  text-left\">\n\t\t\t\t\t\t<div class=\"banner-subtitle subtitle-color-default subtitle-style-default wd-fontsize-xs wd-font-weight-\">DAS PULKAUTAL<\/div><h4 class=\"banner-title wd-font-weight- wd-fontsize-l\">Rund ums Weingut<\/h4>\t\t\t\t\t\t\t\t\t\t\t\t\t<div class=\"banner-inner reset-last-child wd-fontsize-xs\">\n\t\t\t\t\t\t\t\t<p><strong>Gr\u00fcnes H\u00fcgelland, l\u00e4dt zum Verweilen ein<\/strong><\/p>\n\t\t\t\t\t\t\t<\/div>\n\t\t\t\t\t\t\n\t\t\t\t\t\t\n\t\t\t\t\t\t<div class=\"banner-btn-wrapper\"><div id=\"wd-69f0ad4f02bfe\" class=\"  wd-button-wrapper text-left\"><a href=\"http:\/\/www.bauer-wein.com\/urlaub-beim-winzer\/rund-ums-weingut\/\" title=\"\" class=\"btn btn-color-primary btn-style-default btn-shape-semi-round btn-size-default\">Mehr erfahren<\/a><\/div><\/div>\t\t\t\t\t<\/div>\n\t\t\t\t<\/div>\n\n\t\t\t\t\t\t\t\t\t<a class=\"wd-promo-banner-link wd-fill\" aria-label=\"Banner link\" href=\"http:\/\/www.bauer-wein.com\/urlaub-beim-winzer\/rund-ums-weingut\/\" title=\"\"><\/a>\n\t\t\t\t\n\t\t\t\t\t\t\t<\/div>\n\t\t<\/div>\n\n\t\t[vc_empty_space height=&#8220;40px&#8220; woodmart_hide_large=&#8220;0&#8243; woodmart_hide_medium=&#8220;0&#8243; woodmart_hide_small=&#8220;0&#8243; woodmart_hide_extra_small=&#8220;0&#8243;][\/vc_column][\/vc_row]<\/p>\n<\/div>","protected":false},"excerpt":{"rendered":"<p>[vc_row full_width=&#8220;stretch_row&#8220; mobile_bg_img_hidden=&#8220;no&#8220; tablet_bg_img_hidden=&#8220;no&#8220; woodmart_parallax=&#8220;0&#8243; woodmart_gradient_switch=&#8220;no&#8220; row_reverse_mobile=&#8220;0&#8243; row_reverse_tablet=&#8220;0&#8243; woodmart_disable_overflow=&#8220;0&#8243;][vc_column][vc_empty_space height=&#8220;30px&#8220; woodmart_hide_large=&#8220;0&#8243; woodmart_hide_medium=&#8220;0&#8243; woodmart_hide_small=&#8220;0&#8243; woodmart_hide_extra_small=&#8220;0&#8243;][vc_empty_space height=&#8220;40px&#8220; woodmart_hide_large=&#8220;0&#8243; woodmart_hide_medium=&#8220;0&#8243; woodmart_hide_small=&#8220;0&#8243; woodmart_hide_extra_small=&#8220;0&#8243;][\/vc_column][\/vc_row][vc_row full_width=&#8220;stretch_row_content_no_spaces&#8220;<\/p>\n","protected":false},"author":1,"featured_media":0,"parent":0,"menu_order":0,"comment_status":"closed","ping_status":"closed","template":"","meta":{"footnotes":""},"class_list":["post-1585","page","type-page","status-publish","hentry"],"_links":{"self":[{"href":"https:\/\/www.bauer-wein.com\/cs\/wp-json\/wp\/v2\/pages\/1585","targetHints":{"allow":["GET"]}}],"collection":[{"href":"https:\/\/www.bauer-wein.com\/cs\/wp-json\/wp\/v2\/pages"}],"about":[{"href":"https:\/\/www.bauer-wein.com\/cs\/wp-json\/wp\/v2\/types\/page"}],"author":[{"embeddable":true,"href":"https:\/\/www.bauer-wein.com\/cs\/wp-json\/wp\/v2\/users\/1"}],"replies":[{"embeddable":true,"href":"https:\/\/www.bauer-wein.com\/cs\/wp-json\/wp\/v2\/comments?post=1585"}],"version-history":[{"count":5,"href":"https:\/\/www.bauer-wein.com\/cs\/wp-json\/wp\/v2\/pages\/1585\/revisions"}],"predecessor-version":[{"id":1662,"href":"https:\/\/www.bauer-wein.com\/cs\/wp-json\/wp\/v2\/pages\/1585\/revisions\/1662"}],"wp:attachment":[{"href":"https:\/\/www.bauer-wein.com\/cs\/wp-json\/wp\/v2\/media?parent=1585"}],"curies":[{"name":"wp","href":"https:\/\/api.w.org\/{rel}","templated":true}]}}