{"id":1665,"date":"2021-03-09T18:18:39","date_gmt":"2021-03-09T17:18:39","guid":{"rendered":"https:\/\/www.bauer-wein.com\/urlaub-beim-winzer\/zimmer\/"},"modified":"2022-03-21T16:40:55","modified_gmt":"2022-03-21T15:40:55","slug":"pokoje","status":"publish","type":"page","link":"https:\/\/www.bauer-wein.com\/cs\/urlaub-beim-winzer\/pokoje\/","title":{"rendered":"POKOJE"},"content":{"rendered":"<div class=\"wpb-content-wrapper\"><p>[vc_row full_width=&#8220;stretch_row&#8220; mobile_bg_img_hidden=&#8220;no&#8220; tablet_bg_img_hidden=&#8220;no&#8220; woodmart_parallax=&#8220;0&#8243; woodmart_gradient_switch=&#8220;no&#8220; row_reverse_mobile=&#8220;0&#8243; row_reverse_tablet=&#8220;0&#8243; woodmart_disable_overflow=&#8220;0&#8243;][vc_column][vc_empty_space height=&#8220;30px&#8220; woodmart_hide_large=&#8220;0&#8243; woodmart_hide_medium=&#8220;0&#8243; woodmart_hide_small=&#8220;0&#8243; woodmart_hide_extra_small=&#8220;0&#8243;]\n\t\t<div id=\"wd-6238933b3e904\" class=\"title-wrapper wd-wpb wd-set-mb reset-last-child  wd-rs-6238933b3e904 wd-title-color-primary wd-title-style-simple text-center  wd-width-enabled wd-underline-colored\" style=\"--wd-max-width: 80%;\">\n\t\t\t\t\t\t\t\n\t\t\t\t<div class=\"title-subtitle  subtitle-color-primary font-default subtitle-style-default wd-font-weight-600 wd-fontsize-m\">Mal\u00e9, ale p\u011bkn\u00e9!<\/div>\n\t\t\t\n\t\t\t<div class=\"liner-continer\">\n\t\t\t\t<h2 class=\"woodmart-title-container title  wd-font-weight- wd-fontsize-xxxl\" >POKOJE<\/h2>\n\t\t\t\t\t\t\t<\/div>\n\t\t\t\n\t\t\t\t\t\t\t<div class=\"title-after_title reset-last-child  wd-fontsize-s\">Aby bylo mo\u017en\u00e9 nas\u00e1t zvl\u00e1\u0161tn\u00ed vina\u0159skou atmosf\u00e9ru v inspiruj\u00edc\u00edm prost\u0159ed\u00ed, nab\u00edz\u00edme na\u0161im host\u016fm \u010dty\u0159i l\u00e1skypln\u011b za\u0159\u00edzen\u00e9 pokoje a jednu \u201eGenie\u00dfer-Suite\u201c (\u201ePo\u017eitk\u00e1\u0159sk\u00e1 suite\u201c). V\u0161echny pokoje jsou vybaveny koupelnou\/sprchou, WC, LAN, satelitn\u00ed TV a minibarem.<\/div>\n\t\t\t\n\t\t\t\n\t\t<\/div>\n\t\t\n\t\t[vc_empty_space height=&#8220;10px&#8220; woodmart_hide_large=&#8220;0&#8243; woodmart_hide_medium=&#8220;0&#8243; woodmart_hide_small=&#8220;0&#8243; woodmart_hide_extra_small=&#8220;0&#8243;][\/vc_column][\/vc_row][vc_row][vc_column width=&#8220;1\/6&#8243;][\/vc_column][vc_column width=&#8220;2\/3&#8243;][vc_column_text text_larger=&#8220;yes&#8220; woodmart_inline=&#8220;no&#8220;]Pestr\u00e1 a zdrav\u00e1 sn\u00eddan\u011b z Weinviertelu s region\u00e1ln\u00edmi lah\u016fdkami V\u00e1s pos\u00edl\u00ed na dny pln\u00e9 z\u00e1\u017eitk\u016f nebo V\u00e1s nalad\u00ed na \u010das pln\u00fd pohody<em>. <\/em>Kdo je u n\u00e1s hostem, c\u00edt\u00ed se jako doma.[\/vc_column_text][vc_empty_space height=&#8220;40px&#8220; woodmart_hide_large=&#8220;0&#8243; woodmart_hide_medium=&#8220;0&#8243; woodmart_hide_small=&#8220;0&#8243; woodmart_hide_extra_small=&#8220;0&#8243;][\/vc_column][vc_column width=&#8220;1\/6&#8243;][\/vc_column][\/vc_row][vc_row full_width=&#8220;stretch_row&#8220; woodmart_bg_position=&#8220;center-center&#8220; css=&#8220;.vc_custom_1615410463528{padding-top: 40px !important;padding-bottom: 60px !important;background-image: url(https:\/\/www.bauer-wein.com\/wp-content\/uploads\/zimmer-bg.jpg?id=235) !important;background-position: center !important;background-repeat: no-repeat !important;background-size: cover !important;}&#8220; mobile_bg_img_hidden=&#8220;no&#8220; tablet_bg_img_hidden=&#8220;no&#8220; woodmart_parallax=&#8220;0&#8243; woodmart_gradient_switch=&#8220;no&#8220; row_reverse_mobile=&#8220;0&#8243; row_reverse_tablet=&#8220;0&#8243; woodmart_disable_overflow=&#8220;0&#8243; el_class=&#8220;bauer-zimmer&#8220;][vc_column width=&#8220;1\/2&#8243; woodmart_color_scheme=&#8220;light&#8220; mobile_bg_img_hidden=&#8220;no&#8220; tablet_bg_img_hidden=&#8220;no&#8220; woodmart_parallax=&#8220;0&#8243; woodmart_sticky_column=&#8220;false&#8220; parallax_scroll=&#8220;no&#8220; mobile_reset_margin=&#8220;no&#8220; tablet_reset_margin=&#8220;no&#8220;][vc_empty_space height=&#8220;50px&#8220; woodmart_hide_large=&#8220;0&#8243; woodmart_hide_medium=&#8220;0&#8243; woodmart_hide_small=&#8220;0&#8243; woodmart_hide_extra_small=&#8220;0&#8243;]\n\t\t<div id=\"wd-623897d06f92b\" class=\"title-wrapper wd-wpb wd-set-mb reset-last-child  wd-rs-623897d06f92b wd-title-color-primary wd-title-style-simple text-left  wd-underline-colored\">\n\t\t\t\t\t\t\t\n\t\t\t\t<div class=\"title-subtitle  subtitle-color-primary font-default subtitle-style-default wd-font-weight-600 wd-fontsize-xs\">CENY POKOJ\u016e<\/div>\n\t\t\t\n\t\t\t<div class=\"liner-continer\">\n\t\t\t\t<h3 class=\"woodmart-title-container title  wd-font-weight- wd-fontsize-xxl\" >Pokoj pro um\u011blce<\/h3>\n\t\t\t\t\t\t\t<\/div>\n\t\t\t\n\t\t\t\n\t\t\t\n\t\t<\/div>\n\t\t\n\t\t[vc_empty_space height=&#8220;20px&#8220; woodmart_hide_large=&#8220;0&#8243; woodmart_hide_medium=&#8220;0&#8243; woodmart_hide_small=&#8220;0&#8243; woodmart_hide_extra_small=&#8220;0&#8243;]\t\t\t<div id=\"wd-623895dd953cf\" class=\"wd-text-block-wrapper wd-wpb wd-rs-623895dd953cf color-scheme-light text-left \">\n\t\t\t\t<div class=\"woodmart-title-container woodmart-text-block reset-last-child font-text wd-font-weight- wd-fontsize-m\">\n\t\t\t\t\tV\u00fdznamn\u00ed mal\u00ed\u0159i z regionu pomohli navrhnout pokoje um\u011blc\u016f a pot\u011b\u0161it mysl i du\u0161i sv\u00fdmi d\u00edly.\t\t\t\t<\/div>\n\n\t\t\t\t\t\t\t<\/div>\n\t\t\t\t\t<div id=\"wd-623895eb0c5fa\" class=\"wd-text-block-wrapper wd-wpb wd-rs-623895eb0c5fa color-scheme-light text-left \">\n\t\t\t\t<div class=\"woodmart-title-container woodmart-text-block reset-last-child font-text wd-font-weight- wd-fontsize-m\">\n\t\t\t\t\t<strong>Weinviertel sn\u00eddan\u011b<\/strong><\/p>\n<p>Pro fyzickou pohodu je k dispozici zdrav\u00e1 sn\u00eddan\u011b Weinviertel s region\u00e1ln\u00edmi a sez\u00f3nn\u00edmi lah\u016fdkami, ovocem a zeleninou z na\u0161\u00ed vlastn\u00ed zem\u011bd\u011blsk\u00e9 zahrady. Za\u010dn\u011bte den dom\u00e1c\u00ed marmel\u00e1dou, \u010derstv\u00fdm pe\u010divem od m\u00edstn\u00edho peka\u0159e, klob\u00e1sov\u00fdmi specialitami Weinviertel, dom\u00e1c\u00edm m\u00fcsli, k\u00e1vou nebo \u010dajem.\t\t\t\t<\/div>\n\n\t\t\t\t\t\t\t<\/div>\n\t\t\t\t\t<div id=\"wd-62389609e2b24\" class=\"wd-text-block-wrapper wd-wpb wd-rs-62389609e2b24 color-scheme-light text-left \">\n\t\t\t\t<div class=\"woodmart-title-container woodmart-text-block reset-last-child font-text wd-font-weight- wd-fontsize-m\">\n\t\t\t\t\tNa\u0161e Hana se v\u00e1s sna\u017e\u00ed dob\u0159e nastartovat \u2013 a\u0165 u\u017e pro dny pln\u00e9 z\u00e1\u017eitk\u016f, sportu nebo relaxace \u2013 podle va\u0161\u00ed n\u00e1lady.\t\t\t\t<\/div>\n\n\t\t\t\t\t\t\t<\/div>\n\t\t[\/vc_column][vc_column width=&#8220;1\/2&#8243; woodmart_color_scheme=&#8220;light&#8220; mobile_bg_img_hidden=&#8220;no&#8220; tablet_bg_img_hidden=&#8220;no&#8220; woodmart_parallax=&#8220;0&#8243; woodmart_sticky_column=&#8220;false&#8220; parallax_scroll=&#8220;no&#8220; mobile_reset_margin=&#8220;no&#8220; tablet_reset_margin=&#8220;no&#8220;]\t\t\t<div class=\"pricing-tables-wrapper wd-wpb\">\n\t\t\t\t<div class=\"pricing-tables wd-grid-f-stretch\" style=\"--wd-gap-lg:20px;--wd-gap-md:20px;--wd-gap-sm:20px;\">\n\t\t\t\t\t\t\t\t<div class=\"wd-price-table wd-col  wd-off-anim wpb_animate_when_almost_visible wpb_fadeIn fadeIn wd-anim-name_fadeIn price-style-alt\" >\n\t\t\t\t<div class=\"wd-plan\">\n\t\t\t\t\t<div class=\"wd-plan-name\">\n\t\t\t\t\t\t<span class=\"wd-plan-title title\">Po - \u010ct<\/span>\n\t\t\t\t\t<\/div>\n\t\t\t\t<\/div>\n\t\t\t\t<div class=\"wd-plan-inner\">\n\t\t\t\t\t\t\t\t\t\t<div class=\"wd-plan-price\" style=\"\">\n\t\t\t\t\t\t\t\t\t\t\t\t\t<span class=\"wd-price-currency\">\n\t\t\t\t\t\t\t\t\u20ac\t\t\t\t\t\t\t<\/span>\n\t\t\t\t\t\t\n\t\t\t\t\t\t\t\t\t\t\t\t\t<span class=\"wd-price-value\">\n\t\t\t\t\t\t\t\t46,00\t\t\t\t\t\t\t<\/span>\n\t\t\t\t\t\t\n\t\t\t\t\t\t\t\t\t\t\t\t\t<span class=\"wd-price-suffix\">\n\t\t\t\t\t\t\t\tza noc a osobu\t\t\t\t\t\t\t<\/span>\n\t\t\t\t\t\t\t\t\t\t\t<\/div>\n\t\t\t\t\t\t\t\t\t\t\t<div class=\"wd-plan-features\">\n\t\t\t\t\t\t\t\t\t\t\t\t\t\t\t<div class=\"wd-plan-feature\">\n\t\t\t\t\t\t\t\t\tZ\u016fstat p\u0159es noc\t\t\t\t\t\t\t\t<\/div>\n\t\t\t\t\t\t\t\t\t\t\t\t\t\t\t<div class=\"wd-plan-feature\">\n\t\t\t\t\t\t\t\t\tSn\u00eddan\u011b\t\t\t\t\t\t\t\t<\/div>\n\t\t\t\t\t\t\t\t\t\t\t\t\t\t\t<div class=\"wd-plan-feature\">\n\t\t\t\t\t\t\t\t\tVanov\u00e1 sprcha\t\t\t\t\t\t\t\t<\/div>\n\t\t\t\t\t\t\t\t\t\t\t\t\t\t\t<div class=\"wd-plan-feature\">\n\t\t\t\t\t\t\t\t\tToaleta\t\t\t\t\t\t\t\t<\/div>\n\t\t\t\t\t\t\t\t\t\t\t\t\t\t\t<div class=\"wd-plan-feature\">\n\t\t\t\t\t\t\t\t\tW-LAN\t\t\t\t\t\t\t\t<\/div>\n\t\t\t\t\t\t\t\t\t\t\t\t\t\t\t<div class=\"wd-plan-feature\">\n\t\t\t\t\t\t\t\t\tSatelitn\u00ed televize\t\t\t\t\t\t\t\t<\/div>\n\t\t\t\t\t\t\t\t\t\t\t\t\t\t\t<div class=\"wd-plan-feature\">\n\t\t\t\t\t\t\t\t\tMini-bar\t\t\t\t\t\t\t\t<\/div>\n\t\t\t\t\t\t\t\t\t\t\t\t\t<\/div>\n\t\t\t\t\t\t\t\t\t\t<div class=\"wd-plan-footer\">\n\t\t\t\t\t\t\t\t\t\t\t\t\t\t\t\t\t\t\t\t\t<a href=\"mailto:office@bauer-wein.com?subject=Zimmeranfrage\" title=\"\" class=\"button price-plan-btn\">\n\t\t\t\t\t\t\t\t\tZeptejte se nyn\u00ed\t\t\t\t\t\t\t\t<\/a>\n\t\t\t\t\t\t\t\t\t\t\t\t\t\t\t\t\t\t<\/div>\n\t\t\t\t<\/div>\n\t\t\t<\/div>\n\n\t\t\t\t\t<div class=\"wd-price-table wd-col  wd-off-anim wpb_animate_when_almost_visible wpb_fadeIn fadeIn wd-anim-name_fadeIn price-style-alt\" >\n\t\t\t\t<div class=\"wd-plan\">\n\t\t\t\t\t<div class=\"wd-plan-name\">\n\t\t\t\t\t\t<span class=\"wd-plan-title title\">P\u00e1 - So<\/span>\n\t\t\t\t\t<\/div>\n\t\t\t\t<\/div>\n\t\t\t\t<div class=\"wd-plan-inner\">\n\t\t\t\t\t\t\t\t\t\t<div class=\"wd-plan-price\" style=\"\">\n\t\t\t\t\t\t\t\t\t\t\t\t\t<span class=\"wd-price-currency\">\n\t\t\t\t\t\t\t\t\u20ac\t\t\t\t\t\t\t<\/span>\n\t\t\t\t\t\t\n\t\t\t\t\t\t\t\t\t\t\t\t\t<span class=\"wd-price-value\">\n\t\t\t\t\t\t\t\t52,00\t\t\t\t\t\t\t<\/span>\n\t\t\t\t\t\t\n\t\t\t\t\t\t\t\t\t\t\t\t\t<span class=\"wd-price-suffix\">\n\t\t\t\t\t\t\t\tza noc a osobu\t\t\t\t\t\t\t<\/span>\n\t\t\t\t\t\t\t\t\t\t\t<\/div>\n\t\t\t\t\t\t\t\t\t\t\t<div class=\"wd-plan-features\">\n\t\t\t\t\t\t\t\t\t\t\t\t\t\t\t<div class=\"wd-plan-feature\">\n\t\t\t\t\t\t\t\t\tZ\u016fstat p\u0159es noc\t\t\t\t\t\t\t\t<\/div>\n\t\t\t\t\t\t\t\t\t\t\t\t\t\t\t<div class=\"wd-plan-feature\">\n\t\t\t\t\t\t\t\t\tSn\u00eddan\u011b\t\t\t\t\t\t\t\t<\/div>\n\t\t\t\t\t\t\t\t\t\t\t\t\t\t\t<div class=\"wd-plan-feature\">\n\t\t\t\t\t\t\t\t\tVanov\u00e1 sprcha\t\t\t\t\t\t\t\t<\/div>\n\t\t\t\t\t\t\t\t\t\t\t\t\t\t\t<div class=\"wd-plan-feature\">\n\t\t\t\t\t\t\t\t\tToaleta\t\t\t\t\t\t\t\t<\/div>\n\t\t\t\t\t\t\t\t\t\t\t\t\t\t\t<div class=\"wd-plan-feature\">\n\t\t\t\t\t\t\t\t\tW-LAN\t\t\t\t\t\t\t\t<\/div>\n\t\t\t\t\t\t\t\t\t\t\t\t\t\t\t<div class=\"wd-plan-feature\">\n\t\t\t\t\t\t\t\t\tSatelitn\u00ed televize\t\t\t\t\t\t\t\t<\/div>\n\t\t\t\t\t\t\t\t\t\t\t\t\t\t\t<div class=\"wd-plan-feature\">\n\t\t\t\t\t\t\t\t\tMini-bar\t\t\t\t\t\t\t\t<\/div>\n\t\t\t\t\t\t\t\t\t\t\t\t\t<\/div>\n\t\t\t\t\t\t\t\t\t\t<div class=\"wd-plan-footer\">\n\t\t\t\t\t\t\t\t\t\t\t\t\t\t\t\t\t\t\t\t\t<a href=\"mailto:office@bauer-wein.com?subject=Zimmeranfrage\" title=\"\" class=\"button price-plan-btn\">\n\t\t\t\t\t\t\t\t\tZeptejte se nyn\u00ed\t\t\t\t\t\t\t\t<\/a>\n\t\t\t\t\t\t\t\t\t\t\t\t\t\t\t\t\t\t<\/div>\n\t\t\t\t<\/div>\n\t\t\t<\/div>\n\n\t\t\t\t\t\t<\/div>\n\t\t\t<\/div>\n\t\t[\/vc_column][\/vc_row][vc_row full_width=&#8220;stretch_row&#8220; woodmart_bg_position=&#8220;center-center&#8220; css=&#8220;.vc_custom_1615410468355{padding-top: 40px !important;padding-bottom: 60px !important;background-image: url(https:\/\/www.bauer-wein.com\/wp-content\/uploads\/genusszimmer-bg.jpg?id=259) !important;background-position: center !important;background-repeat: no-repeat !important;background-size: cover !important;}&#8220; mobile_bg_img_hidden=&#8220;no&#8220; tablet_bg_img_hidden=&#8220;no&#8220; woodmart_parallax=&#8220;0&#8243; woodmart_gradient_switch=&#8220;no&#8220; row_reverse_mobile=&#8220;0&#8243; row_reverse_tablet=&#8220;0&#8243; woodmart_disable_overflow=&#8220;0&#8243; el_class=&#8220;bauer-zimmer&#8220;][vc_column width=&#8220;1\/2&#8243; woodmart_color_scheme=&#8220;light&#8220; mobile_bg_img_hidden=&#8220;no&#8220; tablet_bg_img_hidden=&#8220;no&#8220; woodmart_parallax=&#8220;0&#8243; woodmart_sticky_column=&#8220;false&#8220; parallax_scroll=&#8220;no&#8220; mobile_reset_margin=&#8220;no&#8220; tablet_reset_margin=&#8220;no&#8220;][vc_empty_space height=&#8220;50px&#8220; woodmart_hide_large=&#8220;0&#8243; woodmart_hide_medium=&#8220;0&#8243; woodmart_hide_small=&#8220;0&#8243; woodmart_hide_extra_small=&#8220;0&#8243;]\n\t\t<div id=\"wd-623895b57ae57\" class=\"title-wrapper wd-wpb wd-set-mb reset-last-child  wd-rs-623895b57ae57 wd-title-color-primary wd-title-style-simple text-left  wd-underline-colored\">\n\t\t\t\t\t\t\t\n\t\t\t\t<div class=\"title-subtitle  subtitle-color-primary font-default subtitle-style-default wd-font-weight-600 wd-fontsize-xs\">PRVN\u00cd VE WEINVIERTELU<\/div>\n\t\t\t\n\t\t\t<div class=\"liner-continer\">\n\t\t\t\t<h3 class=\"woodmart-title-container title  wd-font-weight- wd-fontsize-xxl\" >\u201eGenie\u00dferzimmer\u201c<br \/>\n(\u201ePo\u017eitk\u00e1\u0159sk\u00fd pokoj\u201c) ve Weinviertelu<\/h3>\n\t\t\t\t\t\t\t<\/div>\n\t\t\t\n\t\t\t\n\t\t\t\n\t\t<\/div>\n\t\t\n\t\t[vc_empty_space height=&#8220;20px&#8220; woodmart_hide_large=&#8220;0&#8243; woodmart_hide_medium=&#8220;0&#8243; woodmart_hide_small=&#8220;0&#8243; woodmart_hide_extra_small=&#8220;0&#8243;]\t\t\t<div id=\"wd-623894544e376\" class=\"wd-text-block-wrapper wd-wpb wd-rs-623894544e376 color-scheme-light text-left \">\n\t\t\t\t<div class=\"woodmart-title-container woodmart-text-block reset-last-child font-text wd-font-weight- wd-fontsize-m\">\n\t\t\t\t\tL\u00e1ska na prvn\u00ed pohled nebo-li hned po p\u0159\u00edjezdu se m\u016f\u017eete c\u00edtit skv\u011ble<em> &#8211;<\/em> toto bylo na\u0161\u00ed p\u0159edlohou p\u0159i za\u0159izov\u00e1n\u00ed apartm\u00e1nu s ob\u00fdvac\u00edm pokojem<em>,<\/em> lo\u017enicov\u00fdm prostorem a koupelnou jako wellness o\u00e1zou.\t\t\t\t<\/div>\n\n\t\t\t\t\t\t\t<\/div>\n\t\t\t\t\t<div id=\"wd-6238945d4b0cf\" class=\"wd-text-block-wrapper wd-wpb wd-rs-6238945d4b0cf color-scheme-light text-left \">\n\t\t\t\t<div class=\"woodmart-title-container woodmart-text-block reset-last-child font-text wd-font-weight- wd-fontsize-m\">\n\t\t\t\t\tTepl\u00e9 barvy, vysoce kvalitn\u00ed vybaven\u00ed postele, d\u0159ev\u011bn\u00e1 podlaha a sv\u011btlo odr\u00e1\u017e\u00ed vysok\u00e9 n\u00e1roky na design a kvalitu<em>.<\/em>\t\t\t\t<\/div>\n\n\t\t\t\t\t\t\t<\/div>\n\t\t[\/vc_column][vc_column width=&#8220;1\/2&#8243; woodmart_color_scheme=&#8220;light&#8220; mobile_bg_img_hidden=&#8220;no&#8220; tablet_bg_img_hidden=&#8220;no&#8220; woodmart_parallax=&#8220;0&#8243; woodmart_sticky_column=&#8220;false&#8220; parallax_scroll=&#8220;no&#8220; mobile_reset_margin=&#8220;no&#8220; tablet_reset_margin=&#8220;no&#8220;]\t\t\t<div class=\"pricing-tables-wrapper wd-wpb\">\n\t\t\t\t<div class=\"pricing-tables wd-grid-f-stretch\" style=\"--wd-gap-lg:20px;--wd-gap-md:20px;--wd-gap-sm:20px;\">\n\t\t\t\t\t\t\t\t<div class=\"wd-price-table wd-col  wd-off-anim wpb_animate_when_almost_visible wpb_fadeIn fadeIn wd-anim-name_fadeIn price-style-alt\" >\n\t\t\t\t<div class=\"wd-plan\">\n\t\t\t\t\t<div class=\"wd-plan-name\">\n\t\t\t\t\t\t<span class=\"wd-plan-title title\">Po - \u010ct<\/span>\n\t\t\t\t\t<\/div>\n\t\t\t\t<\/div>\n\t\t\t\t<div class=\"wd-plan-inner\">\n\t\t\t\t\t\t\t\t\t\t<div class=\"wd-plan-price\" style=\"\">\n\t\t\t\t\t\t\t\t\t\t\t\t\t<span class=\"wd-price-currency\">\n\t\t\t\t\t\t\t\t\u20ac\t\t\t\t\t\t\t<\/span>\n\t\t\t\t\t\t\n\t\t\t\t\t\t\t\t\t\t\t\t\t<span class=\"wd-price-value\">\n\t\t\t\t\t\t\t\t56,00\t\t\t\t\t\t\t<\/span>\n\t\t\t\t\t\t\n\t\t\t\t\t\t\t\t\t\t\t\t\t<span class=\"wd-price-suffix\">\n\t\t\t\t\t\t\t\tza noc a osobu\t\t\t\t\t\t\t<\/span>\n\t\t\t\t\t\t\t\t\t\t\t<\/div>\n\t\t\t\t\t\t\t\t\t\t\t<div class=\"wd-plan-features\">\n\t\t\t\t\t\t\t\t\t\t\t\t\t\t\t<div class=\"wd-plan-feature\">\n\t\t\t\t\t\t\t\t\tZ\u016fstat p\u0159es noc\t\t\t\t\t\t\t\t<\/div>\n\t\t\t\t\t\t\t\t\t\t\t\t\t\t\t<div class=\"wd-plan-feature\">\n\t\t\t\t\t\t\t\t\tSn\u00eddan\u011b\t\t\t\t\t\t\t\t<\/div>\n\t\t\t\t\t\t\t\t\t\t\t\t\t\t\t<div class=\"wd-plan-feature\">\n\t\t\t\t\t\t\t\t\tVanov\u00e1 sprcha\t\t\t\t\t\t\t\t<\/div>\n\t\t\t\t\t\t\t\t\t\t\t\t\t\t\t<div class=\"wd-plan-feature\">\n\t\t\t\t\t\t\t\t\tToaleta\t\t\t\t\t\t\t\t<\/div>\n\t\t\t\t\t\t\t\t\t\t\t\t\t\t\t<div class=\"wd-plan-feature\">\n\t\t\t\t\t\t\t\t\tW-LAN\t\t\t\t\t\t\t\t<\/div>\n\t\t\t\t\t\t\t\t\t\t\t\t\t\t\t<div class=\"wd-plan-feature\">\n\t\t\t\t\t\t\t\t\tSatelitn\u00ed televize\t\t\t\t\t\t\t\t<\/div>\n\t\t\t\t\t\t\t\t\t\t\t\t\t\t\t<div class=\"wd-plan-feature\">\n\t\t\t\t\t\t\t\t\tMini-bar\t\t\t\t\t\t\t\t<\/div>\n\t\t\t\t\t\t\t\t\t\t\t\t\t<\/div>\n\t\t\t\t\t\t\t\t\t\t<div class=\"wd-plan-footer\">\n\t\t\t\t\t\t\t\t\t\t\t\t\t\t\t\t\t\t\t\t\t<a href=\"mailto:office@bauer-wein.com?subject=Zimmeranfrage\" title=\"\" class=\"button price-plan-btn\">\n\t\t\t\t\t\t\t\t\tZeptejte se nyn\u00ed\t\t\t\t\t\t\t\t<\/a>\n\t\t\t\t\t\t\t\t\t\t\t\t\t\t\t\t\t\t<\/div>\n\t\t\t\t<\/div>\n\t\t\t<\/div>\n\n\t\t\t\t\t<div class=\"wd-price-table wd-col  wd-off-anim wpb_animate_when_almost_visible wpb_fadeIn fadeIn wd-anim-name_fadeIn price-style-alt\" >\n\t\t\t\t<div class=\"wd-plan\">\n\t\t\t\t\t<div class=\"wd-plan-name\">\n\t\t\t\t\t\t<span class=\"wd-plan-title title\">P\u00e1 - So<\/span>\n\t\t\t\t\t<\/div>\n\t\t\t\t<\/div>\n\t\t\t\t<div class=\"wd-plan-inner\">\n\t\t\t\t\t\t\t\t\t\t<div class=\"wd-plan-price\" style=\"\">\n\t\t\t\t\t\t\t\t\t\t\t\t\t<span class=\"wd-price-currency\">\n\t\t\t\t\t\t\t\t\u20ac\t\t\t\t\t\t\t<\/span>\n\t\t\t\t\t\t\n\t\t\t\t\t\t\t\t\t\t\t\t\t<span class=\"wd-price-value\">\n\t\t\t\t\t\t\t\t62,00\t\t\t\t\t\t\t<\/span>\n\t\t\t\t\t\t\n\t\t\t\t\t\t\t\t\t\t\t\t\t<span class=\"wd-price-suffix\">\n\t\t\t\t\t\t\t\tza noc a osobu\t\t\t\t\t\t\t<\/span>\n\t\t\t\t\t\t\t\t\t\t\t<\/div>\n\t\t\t\t\t\t\t\t\t\t\t<div class=\"wd-plan-features\">\n\t\t\t\t\t\t\t\t\t\t\t\t\t\t\t<div class=\"wd-plan-feature\">\n\t\t\t\t\t\t\t\t\tZ\u016fstat p\u0159es noc\t\t\t\t\t\t\t\t<\/div>\n\t\t\t\t\t\t\t\t\t\t\t\t\t\t\t<div class=\"wd-plan-feature\">\n\t\t\t\t\t\t\t\t\tSn\u00eddan\u011b\t\t\t\t\t\t\t\t<\/div>\n\t\t\t\t\t\t\t\t\t\t\t\t\t\t\t<div class=\"wd-plan-feature\">\n\t\t\t\t\t\t\t\t\tVanov\u00e1 sprcha\t\t\t\t\t\t\t\t<\/div>\n\t\t\t\t\t\t\t\t\t\t\t\t\t\t\t<div class=\"wd-plan-feature\">\n\t\t\t\t\t\t\t\t\tToaleta\t\t\t\t\t\t\t\t<\/div>\n\t\t\t\t\t\t\t\t\t\t\t\t\t\t\t<div class=\"wd-plan-feature\">\n\t\t\t\t\t\t\t\t\tW-LAN\t\t\t\t\t\t\t\t<\/div>\n\t\t\t\t\t\t\t\t\t\t\t\t\t\t\t<div class=\"wd-plan-feature\">\n\t\t\t\t\t\t\t\t\tSatelitn\u00ed televize\t\t\t\t\t\t\t\t<\/div>\n\t\t\t\t\t\t\t\t\t\t\t\t\t\t\t<div class=\"wd-plan-feature\">\n\t\t\t\t\t\t\t\t\tMini-bar\t\t\t\t\t\t\t\t<\/div>\n\t\t\t\t\t\t\t\t\t\t\t\t\t<\/div>\n\t\t\t\t\t\t\t\t\t\t<div class=\"wd-plan-footer\">\n\t\t\t\t\t\t\t\t\t\t\t\t\t\t\t\t\t\t\t\t\t<a href=\"mailto:office@bauer-wein.com?subject=Zimmeranfrage\" title=\"\" class=\"button price-plan-btn\">\n\t\t\t\t\t\t\t\t\tZeptejte se nyn\u00ed\t\t\t\t\t\t\t\t<\/a>\n\t\t\t\t\t\t\t\t\t\t\t\t\t\t\t\t\t\t<\/div>\n\t\t\t\t<\/div>\n\t\t\t<\/div>\n\n\t\t\t\t\t\t<\/div>\n\t\t\t<\/div>\n\t\t[\/vc_column][\/vc_row][vc_row css=&#8220;.vc_custom_1615394001440{padding-top: 20px !important;padding-bottom: 20px !important;}&#8220; mobile_bg_img_hidden=&#8220;no&#8220; tablet_bg_img_hidden=&#8220;no&#8220; woodmart_parallax=&#8220;0&#8243; woodmart_gradient_switch=&#8220;no&#8220; row_reverse_mobile=&#8220;0&#8243; row_reverse_tablet=&#8220;0&#8243; woodmart_disable_overflow=&#8220;0&#8243;][vc_column width=&#8220;1\/6&#8243;][\/vc_column][vc_column width=&#8220;2\/3&#8243;]\t\t\t<div class=\"info-box-wrapper\">\n\t\t\t\t<div id=\"wd-62389c6c1e55b\" class=\" wd-rs-62389c6c1e55b wd-info-box wd-wpb text-left box-icon-align-left box-style- color-scheme- wd-bg-none wd-items-top with-btn box-btn-static vc_custom_1647877252175\">\n\t\t\t\t\t\t\t\t\t\t\t<div class=\"box-icon-wrapper  box-with-icon box-icon-simple\">\n\t\t\t\t\t\t\t<div class=\"info-box-icon\">\n\n\t\t\t\t\t\t\t\n\t\t\t\t\t\t\t\t\t\t\t\t\t\t\t\t\t<div class=\"info-svg-wrapper\" style=\"width: 40px;height: 40px;\"><img decoding=\"async\" class=\" wd-lazy-fade\"  src=\"https:\/\/www.bauer-wein.com\/wp-content\/themes\/woodmart\/images\/lazy.svg\" data-src=\"https:\/\/www.bauer-wein.com\/wp-content\/uploads\/info.svg\" title=\"info\" loading=\"lazy\" width=\"40\" height=\"40\"><\/div>\t\t\t\t\t\t\t\t\t\t\t\t\t\t\t\n\t\t\t\t\t\t\t<\/div>\n\t\t\t\t\t\t<\/div>\n\t\t\t\t\t\t\t\t\t\t<div class=\"info-box-content\">\n\t\t\t\t\t\t<h4 class=\"info-box-title title box-title-style-default wd-fontsize-m\">Dal\u0161\u00ed informace<\/h4>\t\t\t\t\t\t<div class=\"info-box-inner reset-last-child\"><p>Sez\u00f3na: V\u00edkend po Velikonoc\u00edch do 8. prosince<br \/>\n1 noc a jednol\u016f\u017ekov\u00fd pokoj p\u0159\u00edplatek 10 \u20ac za kus<\/p>\n<p>Pokoje vybaven\u00e9 vanou\/mas\u00e1\u017en\u00ed sprchou, WC, satelitn\u00ed TV, internetem a minibarem. D\u011bti do 7 let v\u00a0pokoji rodi\u010d\u016f zdarma, od 7 do 12 let 50% sleva. Dom\u00e1c\u00ed zv\u00ed\u0159ata na dotaz za poplatek. Ceny jsou uvedeny v\u00a0eurech za osobu, za noc se sn\u00eddan\u00ed, v\u010detn\u011b dan\u00ed, bez taxy za p\u0159enocov\u00e1n\u00ed.<\/p>\n<p>Na\u0161e pokoje V\u00e1m jsou k\u00a0dispozici od 12.00 hodin.<\/p>\n<p>Plat\u00ed v\u0161eobecn\u00e9 podm\u00ednky pro hotelov\u00fd pr\u016fmysl 2006 (AGBH 2006), kter\u00e9 m\u016f\u017eete shl\u00e9dnout v \u010d\u00e1sti V\u0161eobecn\u00e9 podm\u00ednky WKO pro hotelov\u00fd pr\u016fmysl <a href=\"https:\/\/www.wko.at\/branchen\/tourismus-freizeitwirtschaft\/hotellerie\/Allgemeine_Geschaeftsbedingungen_fuer_die_Hotellerie_%28AGBH%29.html\">WKO Allgemeine Gesch\u00e4ftsbedingungen Hotellerie<\/a><u>.<\/u><\/p>\n<\/div>\n\n\t\t\t\t\t\t<div class=\"info-btn-wrapper\"><div id=\"wd-69f098fdbd8a9\" class=\"  wd-button-wrapper text-left\"><a href=\"mailto:office@bauer-wein.com?subject=Zimmeranfrage\" title=\"\" class=\"btn btn-color-primary btn-style-default btn-shape-semi-round btn-size-default\">Jetzt anfragen<\/a><\/div><\/div>\t\t\t\t\t<\/div>\n\n\t\t\t\t\t\n\t\t\t\t\t\t\t\t\t<\/div>\n\t\t\t<\/div>\n\t\t[\/vc_column][vc_column width=&#8220;1\/6&#8243;][\/vc_column][\/vc_row]<\/p>\n<\/div>","protected":false},"excerpt":{"rendered":"<p>[vc_row full_width=&#8220;stretch_row&#8220; mobile_bg_img_hidden=&#8220;no&#8220; tablet_bg_img_hidden=&#8220;no&#8220; woodmart_parallax=&#8220;0&#8243; woodmart_gradient_switch=&#8220;no&#8220; row_reverse_mobile=&#8220;0&#8243; row_reverse_tablet=&#8220;0&#8243; woodmart_disable_overflow=&#8220;0&#8243;][vc_column][vc_empty_space height=&#8220;30px&#8220; woodmart_hide_large=&#8220;0&#8243; woodmart_hide_medium=&#8220;0&#8243; woodmart_hide_small=&#8220;0&#8243; woodmart_hide_extra_small=&#8220;0&#8243;][vc_empty_space height=&#8220;10px&#8220; woodmart_hide_large=&#8220;0&#8243; woodmart_hide_medium=&#8220;0&#8243; woodmart_hide_small=&#8220;0&#8243; woodmart_hide_extra_small=&#8220;0&#8243;][\/vc_column][\/vc_row][vc_row][vc_column width=&#8220;1\/6&#8243;][\/vc_column][vc_column<\/p>\n","protected":false},"author":1,"featured_media":0,"parent":1585,"menu_order":0,"comment_status":"closed","ping_status":"closed","template":"","meta":{"footnotes":""},"class_list":["post-1665","page","type-page","status-publish","hentry"],"_links":{"self":[{"href":"https:\/\/www.bauer-wein.com\/cs\/wp-json\/wp\/v2\/pages\/1665","targetHints":{"allow":["GET"]}}],"collection":[{"href":"https:\/\/www.bauer-wein.com\/cs\/wp-json\/wp\/v2\/pages"}],"about":[{"href":"https:\/\/www.bauer-wein.com\/cs\/wp-json\/wp\/v2\/types\/page"}],"author":[{"embeddable":true,"href":"https:\/\/www.bauer-wein.com\/cs\/wp-json\/wp\/v2\/users\/1"}],"replies":[{"embeddable":true,"href":"https:\/\/www.bauer-wein.com\/cs\/wp-json\/wp\/v2\/comments?post=1665"}],"version-history":[{"count":7,"href":"https:\/\/www.bauer-wein.com\/cs\/wp-json\/wp\/v2\/pages\/1665\/revisions"}],"predecessor-version":[{"id":1684,"href":"https:\/\/www.bauer-wein.com\/cs\/wp-json\/wp\/v2\/pages\/1665\/revisions\/1684"}],"up":[{"embeddable":true,"href":"https:\/\/www.bauer-wein.com\/cs\/wp-json\/wp\/v2\/pages\/1585"}],"wp:attachment":[{"href":"https:\/\/www.bauer-wein.com\/cs\/wp-json\/wp\/v2\/media?parent=1665"}],"curies":[{"name":"wp","href":"https:\/\/api.w.org\/{rel}","templated":true}]}}