{"id":828,"date":"2021-03-31T22:15:39","date_gmt":"2021-03-31T20:15:39","guid":{"rendered":"https:\/\/www.bauer-wein.com\/?page_id=828"},"modified":"2021-03-31T22:15:39","modified_gmt":"2021-03-31T20:15:39","slug":"kellerstoeckl","status":"publish","type":"page","link":"https:\/\/www.bauer-wein.com\/en\/vacations-at-the-winegrower\/kellerstoeckl\/","title":{"rendered":"Kellerstoeckl"},"content":{"rendered":"<div class=\"wpb-content-wrapper\"><p>[vc_row full_width=&#8221;stretch_row&#8221; mobile_bg_img_hidden=&#8221;no&#8221; tablet_bg_img_hidden=&#8221;no&#8221; woodmart_parallax=&#8221;0&#8243; woodmart_gradient_switch=&#8221;no&#8221; row_reverse_mobile=&#8221;0&#8243; row_reverse_tablet=&#8221;0&#8243; woodmart_disable_overflow=&#8221;0&#8243;][vc_column][vc_empty_space height=&#8221;30px&#8221; woodmart_hide_large=&#8221;0&#8243; woodmart_hide_medium=&#8221;0&#8243; woodmart_hide_small=&#8221;0&#8243; woodmart_hide_extra_small=&#8221;0&#8243;]\n\t\t<div id=\"wd-60493c9df1c5f\" class=\"title-wrapper wd-wpb wd-set-mb reset-last-child  wd-rs-60493c9df1c5f wd-title-color-primary wd-title-style-simple text-center  wd-width-enabled wd-underline-colored\" style=\"--wd-max-width: 80%;\">\n\t\t\t\t\t\t\t\n\t\t\t\t<div class=\"title-subtitle  subtitle-color-primary font-default subtitle-style-default wd-font-weight-600 wd-fontsize-m\">DAS KELLERST\u00d6CKL<\/div>\n\t\t\t\n\t\t\t<div class=\"liner-continer\">\n\t\t\t\t<h2 class=\"woodmart-title-container title  wd-font-weight- wd-fontsize-xxxl\" >K\u00f6nigstigeralm am Schatzberg<\/h2>\n\t\t\t\t\t\t\t<\/div>\n\t\t\t\n\t\t\t\t\t\t\t<div class=\"title-after_title reset-last-child  wd-fontsize-s\">Inmitten der Schatzbergweing\u00e4rten \u2013 der die hervorragendsten Rotweinrieden des Weinguts tr\u00e4gt, auf der K\u00f6nigstigeralm \u2013 steht das Kellerst\u00f6ckl, das zum Weingut geh\u00f6rt. Benannt ist die K\u00f6nigstigeralm nach einem betagten Zirkustiger, der vor \u00fcber 100 Jahren seinen K\u00e4fig verlie\u00df und hier eine kleine Wanderung unternahm. Danach verschwand er auf Nimmerwiedersehen in den Fluren des Weinviertels.<\/div>\n\t\t\t\n\t\t\t\n\t\t<\/div>\n\t\t\n\t\t[vc_empty_space height=&#8221;40px&#8221; woodmart_hide_large=&#8221;0&#8243; woodmart_hide_medium=&#8221;0&#8243; woodmart_hide_small=&#8221;0&#8243; woodmart_hide_extra_small=&#8221;0&#8243;][\/vc_column][\/vc_row][vc_row full_width=&#8221;stretch_row_content_no_spaces&#8221; css=&#8221;.vc_custom_1588716663633{padding-top: 0px !important;}&#8221; mobile_bg_img_hidden=&#8221;no&#8221; tablet_bg_img_hidden=&#8221;no&#8221; woodmart_parallax=&#8221;0&#8243; woodmart_gradient_switch=&#8221;no&#8221; row_reverse_mobile=&#8221;0&#8243; row_reverse_tablet=&#8221;0&#8243; woodmart_disable_overflow=&#8221;0&#8243;][vc_column css=&#8221;.vc_custom_1588716652293{padding-top: 0px !important;}&#8221; mobile_bg_img_hidden=&#8221;no&#8221; tablet_bg_img_hidden=&#8221;no&#8221; woodmart_parallax=&#8221;0&#8243; woodmart_sticky_column=&#8221;false&#8221; parallax_scroll=&#8221;no&#8221; mobile_reset_margin=&#8221;no&#8221; tablet_reset_margin=&#8221;no&#8221;][vc_empty_space height=&#8221;20px&#8221; woodmart_hide_large=&#8221;0&#8243; woodmart_hide_medium=&#8221;0&#8243; woodmart_hide_small=&#8221;0&#8243; woodmart_hide_extra_small=&#8221;0&#8243;]\t\t\t<div id=\"wd-6047908923340\" class=\"wd-row-divider wd-6047908923340 dvr-position-bottom dvr-style-sweet-wave\">\n\t\t\t\t<svg width=\"100%\" height=\"50px\" viewBox=\"0 0 1920 80\" xmlns=\"http:\/\/www.w3.org\/2000\/svg\" preserveAspectRatio=\"none\">\n<path d=\"M0 20C0 20 169.5 0 510 0C850.5 0 1069.5 60 1410 60C1750.5 60 1920 20 1920 20V80H0V20Z\" \/>\n<\/svg>\n\t\t\t\t\t\t\t<\/div>\n\t\t[\/vc_column][\/vc_row][vc_row full_width=&#8221;stretch_row&#8221; mobile_bg_img_hidden=&#8221;no&#8221; tablet_bg_img_hidden=&#8221;no&#8221; woodmart_parallax=&#8221;0&#8243; woodmart_gradient_switch=&#8221;no&#8221; row_reverse_mobile=&#8221;0&#8243; row_reverse_tablet=&#8221;0&#8243; woodmart_disable_overflow=&#8221;0&#8243; css=&#8221;.vc_custom_1615302825824{background-color: #b69145 !important;}&#8221;][vc_column css=&#8221;.vc_custom_1589323743620{padding-top: 0px !important;}&#8221; mobile_bg_img_hidden=&#8221;no&#8221; tablet_bg_img_hidden=&#8221;no&#8221; woodmart_parallax=&#8221;0&#8243; woodmart_sticky_column=&#8221;false&#8221; parallax_scroll=&#8221;no&#8221; mobile_reset_margin=&#8221;no&#8221; tablet_reset_margin=&#8221;no&#8221;][vc_empty_space height=&#8221;30px&#8221; woodmart_hide_large=&#8221;0&#8243; woodmart_hide_medium=&#8221;0&#8243; woodmart_hide_small=&#8221;0&#8243; woodmart_hide_extra_small=&#8221;0&#8243;]\n\t\t<div id=\"wd-60493dee5486f\" class=\"title-wrapper wd-wpb wd-set-mb reset-last-child  wd-rs-60493dee5486f wd-title-color-white wd-title-style-simple text-center  wd-width-enabled wd-underline-colored\" style=\"--wd-max-width: 80%;\">\n\t\t\t\n\t\t\t<div class=\"liner-continer\">\n\t\t\t\t<h2 class=\"woodmart-title-container title  wd-font-weight- wd-fontsize-xl\" >Wundersch\u00f6ne Landschaft genie\u00dfen<\/h2>\n\t\t\t\t\t\t\t<\/div>\n\t\t\t\n\t\t\t\n\t\t\t\n\t\t<\/div>\n\t\t\n\t\t[\/vc_column][\/vc_row][vc_row full_width=&#8221;stretch_row&#8221; content_placement=&#8221;middle&#8221; mobile_bg_img_hidden=&#8221;no&#8221; tablet_bg_img_hidden=&#8221;no&#8221; woodmart_parallax=&#8221;1&#8243; woodmart_gradient_switch=&#8221;no&#8221; row_reverse_mobile=&#8221;0&#8243; row_reverse_tablet=&#8221;0&#8243; woodmart_disable_overflow=&#8221;0&#8243; css=&#8221;.vc_custom_1615302834767{background-color: #b69145 !important;}&#8221;][vc_column width=&#8221;1\/2&#8243; woodmart_color_scheme=&#8221;light&#8221; mobile_bg_img_hidden=&#8221;no&#8221; tablet_bg_img_hidden=&#8221;no&#8221; woodmart_parallax=&#8221;0&#8243; woodmart_sticky_column=&#8221;false&#8221; parallax_scroll=&#8221;no&#8221; mobile_reset_margin=&#8221;no&#8221; tablet_reset_margin=&#8221;no&#8221; css=&#8221;.vc_custom_1589322199004{padding-top: 0px !important;}&#8221;][vc_empty_space height=&#8221;10px&#8221; woodmart_hide_large=&#8221;0&#8243; woodmart_hide_medium=&#8221;0&#8243; woodmart_hide_small=&#8221;0&#8243; woodmart_hide_extra_small=&#8221;0&#8243;][vc_column_text text_larger=&#8221;no&#8221;]Die Weingartenh\u00fctte mit einer gem\u00fctlichen Stube gibt es als einfachen h\u00f6lzernen Unterstand schon seit dem 17.\u00a0Jahrhundert. Seither hat sich zwar das Gesicht des Kellerst\u00f6ckls mehrfach ver\u00e4ndert, doch mehr auch nicht&#8230;<\/p>\n<p>Noch heute gibt es keinen Strom, keine Stra\u00dfe f\u00fchrt hierher und nichts st\u00f6rt den weiten Blick \u00fcber die Rieden. Fragt man die Hausfrau nach dem Schl\u00fcssel, erwarten die G\u00e4ste ein perfekt kellerkalter Wein und ein reichlich gedeckter Tisch. Aber der Weg hierher will durch Kellertrift und Hohlweg erwandert sein&#8230;<\/p>\n<p>Ausgestattet mit Rucksack und Wanderkarte wird man nach einem ausgedehnten Marsch mit einer wunderbaren Aussicht ins Weinland &#8211; bei klarem Wetter bis zum Schneeberg &#8211; belohnt.[\/vc_column_text][\/vc_column][vc_column css_animation=&#8221;none&#8221; width=&#8221;1\/2&#8243; mobile_bg_img_hidden=&#8221;no&#8221; tablet_bg_img_hidden=&#8221;no&#8221; woodmart_parallax=&#8221;0&#8243; woodmart_sticky_column=&#8221;false&#8221; parallax_scroll=&#8221;no&#8221; mobile_reset_margin=&#8221;no&#8221; tablet_reset_margin=&#8221;no&#8221; css=&#8221;.vc_custom_1589322214474{padding-top: 0px !important;}&#8221;][vc_empty_space height=&#8221;20px&#8221; woodmart_hide_large=&#8221;0&#8243; woodmart_hide_medium=&#8221;0&#8243; woodmart_hide_small=&#8221;0&#8243; woodmart_hide_extra_small=&#8221;0&#8243;][vc_single_image image=&#8221;636&#8243; img_size=&#8221;large&#8221; alignment=&#8221;center&#8221; style=&#8221;vc_box_shadow&#8221; parallax_scroll=&#8221;no&#8221;][vc_empty_space height=&#8221;40px&#8221; woodmart_hide_large=&#8221;0&#8243; woodmart_hide_medium=&#8221;0&#8243; woodmart_hide_small=&#8221;0&#8243; woodmart_hide_extra_small=&#8221;0&#8243;][\/vc_column][\/vc_row][vc_row full_width=&#8221;stretch_row_content_no_spaces&#8221; css=&#8221;.vc_custom_1615413499546{padding-top: 0px !important;background-color: #f7f7f7 !important;}&#8221; mobile_bg_img_hidden=&#8221;no&#8221; tablet_bg_img_hidden=&#8221;no&#8221; woodmart_parallax=&#8221;0&#8243; woodmart_gradient_switch=&#8221;no&#8221; row_reverse_mobile=&#8221;0&#8243; row_reverse_tablet=&#8221;0&#8243; woodmart_disable_overflow=&#8221;0&#8243;][vc_column css=&#8221;.vc_custom_1588716652293{padding-top: 0px !important;}&#8221; mobile_bg_img_hidden=&#8221;no&#8221; tablet_bg_img_hidden=&#8221;no&#8221; woodmart_parallax=&#8221;0&#8243; woodmart_sticky_column=&#8221;false&#8221; parallax_scroll=&#8221;no&#8221; mobile_reset_margin=&#8221;no&#8221; tablet_reset_margin=&#8221;no&#8221;]\t\t\t<div id=\"wd-604790cb1dabc\" class=\"wd-row-divider wd-604790cb1dabc dvr-position-top dvr-style-sweet-wave\">\n\t\t\t\t<svg width=\"100%\" height=\"50px\" viewBox=\"0 0 1920 80\" xmlns=\"http:\/\/www.w3.org\/2000\/svg\" class=\"wd-divider\" preserveAspectRatio=\"none\">\n<path class=\"elementor-shape-fill\" d=\"M1920,60s-169.5,20-510,20S850.5,20,510,20,0,60,0,60V0H1920Z\" \/>\n<\/svg>\n\t\t\t\t\t\t\t<\/div>\n\t\t[\/vc_column][\/vc_row][vc_row full_width=&#8221;stretch_row&#8221; mobile_bg_img_hidden=&#8221;no&#8221; tablet_bg_img_hidden=&#8221;no&#8221; woodmart_parallax=&#8221;0&#8243; woodmart_gradient_switch=&#8221;no&#8221; row_reverse_mobile=&#8221;0&#8243; row_reverse_tablet=&#8221;0&#8243; woodmart_disable_overflow=&#8221;0&#8243; css=&#8221;.vc_custom_1615413459945{background-color: #f7f7f7 !important;}&#8221;][vc_column][vc_empty_space height=&#8221;30px&#8221; woodmart_hide_large=&#8221;0&#8243; woodmart_hide_medium=&#8221;0&#8243; woodmart_hide_small=&#8221;0&#8243; woodmart_hide_extra_small=&#8221;0&#8243;]\n\t\t<div id=\"wd-6049406928dc8\" class=\"title-wrapper wd-wpb wd-set-mb reset-last-child  wd-rs-6049406928dc8 wd-title-color-primary wd-title-style-simple text-center  wd-width-enabled wd-underline-colored\" style=\"--wd-max-width: 80%;\">\n\t\t\t\n\t\t\t<div class=\"liner-continer\">\n\t\t\t\t<h2 class=\"woodmart-title-container title  wd-font-weight- wd-fontsize-xl\" >Sie wollen das Kellerst\u00f6ckl genie\u00dfen?<\/h2>\n\t\t\t\t\t\t\t<\/div>\n\t\t\t\n\t\t\t\n\t\t\t\n\t\t<\/div>\n\t\t\n\t\t[\/vc_column][\/vc_row][vc_row full_width=&#8221;stretch_row&#8221; content_placement=&#8221;middle&#8221; mobile_bg_img_hidden=&#8221;no&#8221; tablet_bg_img_hidden=&#8221;no&#8221; woodmart_parallax=&#8221;1&#8243; woodmart_gradient_switch=&#8221;no&#8221; row_reverse_mobile=&#8221;1&#8243; row_reverse_tablet=&#8221;0&#8243; woodmart_disable_overflow=&#8221;0&#8243; css=&#8221;.vc_custom_1615413644221{padding-bottom: 60px !important;background-color: #f7f7f7 !important;}&#8221;][vc_column css_animation=&#8221;none&#8221; width=&#8221;1\/2&#8243; mobile_bg_img_hidden=&#8221;no&#8221; tablet_bg_img_hidden=&#8221;no&#8221; woodmart_parallax=&#8221;0&#8243; woodmart_sticky_column=&#8221;false&#8221; parallax_scroll=&#8221;no&#8221; mobile_reset_margin=&#8221;no&#8221; tablet_reset_margin=&#8221;no&#8221; css=&#8221;.vc_custom_1617047304903{padding-top: 0px !important;}&#8221;][vc_empty_space height=&#8221;10px&#8221; woodmart_hide_large=&#8221;0&#8243; woodmart_hide_medium=&#8221;0&#8243; woodmart_hide_small=&#8221;0&#8243; woodmart_hide_extra_small=&#8221;0&#8243;]\t\t<div class=\"promo-banner-wrapper  wd-rs-604941bae517c \">\n\t\t\t<div id=\"wd-604941bae517c\" class=\"promo-banner  banner-shadow banner-hover-zoom color-scheme-light banner-btn-size-default banner-btn-style-default banner-increased-padding  with-btn banner-btn-position-static wd-with-link wd-underline-colored\">\n\t\t\t\t<div class=\"main-wrapp-img\">\n\t\t\t\t\t<div class=\"banner-image wd-bg-position-center\" >\n\t\t\t\t\t\t<img loading=\"lazy\" decoding=\"async\" width=\"1024\" height=\"683\" src=\"https:\/\/www.bauer-wein.com\/wp-content\/uploads\/kellerstoeckl-promo-2-1024x683.jpg\" class=\"attachment-large size-large\" alt=\"\" \/>\t\t\t\t\t<\/div>\n\t\t\t\t<\/div>\n\n\t\t\t\t<div class=\"wrapper-content-banner wd-fill  wd-items-bottom wd-justify-left\">\n\t\t\t\t\t<div class=\"content-banner  text-left\">\n\t\t\t\t\t\t<div class=\"banner-subtitle subtitle-color-default subtitle-style-default wd-fontsize-xs wd-font-weight-\">K\u00d6NIGSTIGERALM AM SCHATZBERG<\/div><h4 class=\"banner-title wd-font-weight- wd-fontsize-l\">Genusspaket<\/h4>\t\t\t\t\t\t\t\t\t\t\t\t\t<div class=\"banner-inner reset-last-child wd-fontsize-s\">\n\t\t\t\t\t\t\t\t<p><strong>Preis mit P\u00e4rchenkorb: \u20ac 49,-<br \/>\nPreis mit Familienkorb (2 ERW. &amp; 2 KI): \u20ac 69,-<\/strong><\/p>\n<p><strong>Nutzungspauschale nach Vereinbarung, f\u00fcr unsere N\u00e4chtigungsg\u00e4ste entf\u00e4llt die Nutzungspauschale!<\/strong><\/p>\n<p><strong>Buchbar mit Anmeldung bis November 2021<br \/>\nAnmeldung bei Fr. Gisela Bauer:+43 (0) 2944-2565 <\/strong><\/p>\n\t\t\t\t\t\t\t<\/div>\n\t\t\t\t\t\t\n\t\t\t\t\t\t\n\t\t\t\t\t\t<div class=\"banner-btn-wrapper\"><div id=\"wd-69f0856aac472\" class=\"  wd-button-wrapper text-left\"><a href=\"mailto:office@bauer-wein.com?subject=Genusspaket Anmeldung\" title=\"\" class=\"btn btn-color-primary btn-style-default btn-shape-semi-round btn-size-default\">Jetzt anmelden<\/a><\/div><\/div>\t\t\t\t\t<\/div>\n\t\t\t\t<\/div>\n\n\t\t\t\t\t\t\t\t\t<a class=\"wd-promo-banner-link wd-fill\" aria-label=\"Banner link\" href=\"mailto:office@bauer-wein.com?subject=Genusspaket Anmeldung\" title=\"\"><\/a>\n\t\t\t\t\n\t\t\t\t\t\t\t<\/div>\n\t\t<\/div>\n\n\t\t[\/vc_column][vc_column width=&#8221;1\/2&#8243; mobile_bg_img_hidden=&#8221;no&#8221; tablet_bg_img_hidden=&#8221;no&#8221; woodmart_parallax=&#8221;0&#8243; woodmart_sticky_column=&#8221;false&#8221; parallax_scroll=&#8221;no&#8221; mobile_reset_margin=&#8221;no&#8221; tablet_reset_margin=&#8221;no&#8221; css=&#8221;.vc_custom_1617047297510{padding-top: 0px !important;}&#8221;][vc_empty_space height=&#8221;20px&#8221; woodmart_hide_large=&#8221;0&#8243; woodmart_hide_medium=&#8221;0&#8243; woodmart_hide_small=&#8221;0&#8243; woodmart_hide_extra_small=&#8221;0&#8243;][vc_column_text text_larger=&#8221;no&#8221;]Alles dreht sich um die besondere Lage des &#8220;Schatzberges&#8221; mit der &#8220;K\u00f6nigstigeralm&#8221;. Ausgestattet mit Wanderkarte und Schl\u00fcssel machen Sie sich durch die Kellergassen, Hohlwege und Weing\u00e4rten auf zum Kellerst\u00f6ckl.<\/p>\n<p>Dort angekommen erwartet Sie eine verdiente Winzerjause im Picknickkorb, dazu holen Sie sich aus dem Keller eine kellerk\u00fchle Flasche Wein \u2026<\/p>\n<p>Ein wunderbarer Ausblick \u2013 bei klarem Wetter bis zum Schneeberg \u2013 l\u00e4sst auch Ihre Blicke trinken und die wundersch\u00f6ne Landschaft genie\u00dfen.<\/p>\n<p><strong>Unser Tipp: Der Hohlweg bietet zu jeder Jahreszeit immer etwas zum Naschen! <\/strong>[\/vc_column_text][vc_empty_space height=&#8221;20px&#8221; woodmart_hide_large=&#8221;0&#8243; woodmart_hide_medium=&#8221;0&#8243; woodmart_hide_small=&#8221;0&#8243; woodmart_hide_extra_small=&#8221;0&#8243;][\/vc_column][\/vc_row]<\/p>\n<\/div>","protected":false},"excerpt":{"rendered":"<p>[vc_row full_width=&#8221;stretch_row&#8221; mobile_bg_img_hidden=&#8221;no&#8221; tablet_bg_img_hidden=&#8221;no&#8221; woodmart_parallax=&#8221;0&#8243; woodmart_gradient_switch=&#8221;no&#8221; row_reverse_mobile=&#8221;0&#8243; row_reverse_tablet=&#8221;0&#8243; woodmart_disable_overflow=&#8221;0&#8243;][vc_column][vc_empty_space height=&#8221;30px&#8221; woodmart_hide_large=&#8221;0&#8243; woodmart_hide_medium=&#8221;0&#8243; woodmart_hide_small=&#8221;0&#8243; woodmart_hide_extra_small=&#8221;0&#8243;][vc_empty_space height=&#8221;40px&#8221; woodmart_hide_large=&#8221;0&#8243; woodmart_hide_medium=&#8221;0&#8243; woodmart_hide_small=&#8221;0&#8243; woodmart_hide_extra_small=&#8221;0&#8243;][\/vc_column][\/vc_row][vc_row full_width=&#8221;stretch_row_content_no_spaces&#8221;<\/p>\n","protected":false},"author":1,"featured_media":0,"parent":817,"menu_order":0,"comment_status":"closed","ping_status":"closed","template":"","meta":{"footnotes":""},"class_list":["post-828","page","type-page","status-publish","hentry"],"_links":{"self":[{"href":"https:\/\/www.bauer-wein.com\/en\/wp-json\/wp\/v2\/pages\/828","targetHints":{"allow":["GET"]}}],"collection":[{"href":"https:\/\/www.bauer-wein.com\/en\/wp-json\/wp\/v2\/pages"}],"about":[{"href":"https:\/\/www.bauer-wein.com\/en\/wp-json\/wp\/v2\/types\/page"}],"author":[{"embeddable":true,"href":"https:\/\/www.bauer-wein.com\/en\/wp-json\/wp\/v2\/users\/1"}],"replies":[{"embeddable":true,"href":"https:\/\/www.bauer-wein.com\/en\/wp-json\/wp\/v2\/comments?post=828"}],"version-history":[{"count":3,"href":"https:\/\/www.bauer-wein.com\/en\/wp-json\/wp\/v2\/pages\/828\/revisions"}],"predecessor-version":[{"id":831,"href":"https:\/\/www.bauer-wein.com\/en\/wp-json\/wp\/v2\/pages\/828\/revisions\/831"}],"up":[{"embeddable":true,"href":"https:\/\/www.bauer-wein.com\/en\/wp-json\/wp\/v2\/pages\/817"}],"wp:attachment":[{"href":"https:\/\/www.bauer-wein.com\/en\/wp-json\/wp\/v2\/media?parent=828"}],"curies":[{"name":"wp","href":"https:\/\/api.w.org\/{rel}","templated":true}]}}